{"id":4472,"date":"2022-07-25T18:21:48","date_gmt":"2022-07-25T18:21:48","guid":{"rendered":"https:\/\/nadinospina.org\/?page_id=4472"},"modified":"2022-07-25T18:21:48","modified_gmt":"2022-07-25T18:21:48","slug":"new-neighbor-on-72nd-street","status":"publish","type":"page","link":"https:\/\/nadinospina.org\/en\/new-neighbor-on-72nd-street\/","title":{"rendered":"New neighbor on 72nd Street"},"content":{"rendered":"<p class=\"wp-block-paragraph\">BY GLORIA VALLEJO<\/p>\n\n\n\n<p class=\"wp-block-paragraph\">EL TIEMPO Newspaper\/ SATURDAY, JULY 25, 1992<\/p>\n\n\n\n<p class=\"textojustificado wp-block-paragraph\">The oldest construction company in Bogot\u00e1, Cu\u00e9llar Serrano G\u00f3mez &#8211; which built the Tequendama Hotel and the Jockey Club headquarters, among others &#8211; is about to finish a new architectural work on Chile Avenue. The new ingredient: an impeccable system of making buildings without mortifying the citizens and without invading public space.<\/p>\n\n\n\n<p class=\"textojustificado wp-block-paragraph\">On the corner of 72nd Street and Carrera 7\u00aa, an important and promising urban axis in Bogot\u00e1, the largest office complex in the city is under construction.<\/p>\n\n\n\n<p class=\"textojustificado wp-block-paragraph\">This is the Carrera S\u00e9ptima building, with 74 thousand square meters of construction, a record area for projects of this type.<\/p>\n\n\n\n<p class=\"textojustificado wp-block-paragraph\">Until the appearance of this conglomerate, the largest office tower in the capital of the Republic was that of Proexpor, owned by Banco Cafetero. It is located in the international center of Bogota (Calle 26 between Avenida Caracas and Carrera 13) and has 56 thousand square meters of construction.<\/p>\n\n\n\n<p class=\"textojustificado wp-block-paragraph\">The firm Cu\u00e9llar Serrano G\u00f3mez was commissioned by the real estate company Selecta S.A. to design and build the new architectural complex, which is setting an example to other builders in the city of how a work can be done, no matter how gigantic it may be, without causing discomfort to the citizens.<\/p>\n\n\n\n<p class=\"textojustificado wp-block-paragraph\">This work is an example of good architecture that is being done in the country.<\/p>\n\n\n\n<p class=\"textojustificado wp-block-paragraph\">The Carrera S\u00e9ptima Building consists of two towers (13 and 19 stories), connected by a gallery 50 meters long, eight meters wide and six meters high, with a coffered vault (ornamented with moldings). This rich space evokes the spacious volumes of the architecture of yesteryear.<\/p>\n\n\n\n<p class=\"textojustificado wp-block-paragraph\">It connects Carrera S\u00e9ptima with 72nd Street. These two accesses are resolved with public plazas, bleachers, fountains and vegetation, which give the site its own stamp and a friendlier management of the spaces for pedestrians.<\/p>\n\n\n\n<p class=\"textojustificado wp-block-paragraph\">A wax palm, the only one remaining from the traditional meeting center of the 1960s, Tout va Bien, is its symbol. Such was the zeal of the owners of the site that during construction it was more cared for than the structure itself.<\/p>\n\n\n\n<p class=\"textojustificado wp-block-paragraph\">Part of the furniture of the main plaza (Carrera 7\u00aa. Corner) is the work of the young sculptor Nad\u00edn Ospina called &#8220;El retorno de los Pr\u00edncipes&#8221; (The return of the Princes). There are eight life-size bronze deer. Five of them are grazing outside the building, while three more are in the gallery.<\/p>\n\n\n\n<p class=\"textojustificado wp-block-paragraph\">The deer were chosen for having been a common symbol of pre-Columbian cultures.<\/p>\n\n\n\n<p class=\"textojustificado wp-block-paragraph\">This work by Nad\u00edn participates in the Joan Mir\u00f3 International Plastic Arts Prize competition in Barcelona (Spain).<\/p>\n\n\n\n<p class=\"wp-block-paragraph\"><strong>Classic vs. modernism<\/strong><\/p>\n\n\n\n<p class=\"textojustificado wp-block-paragraph\">The buildings are planned with the concept of classical architecture. They return to the use of windows with stone veneers, which enriches the facade and achieves a beautiful contrast with the exposed brick.<\/p>\n\n\n\n<p class=\"textojustificado wp-block-paragraph\">Cu\u00e9llar Serrano S\u00f3mez was careful to ensure that while maintaining the aesthetics of the entire complex, it is functional for those who will occupy it. Otherwise,&#8221; said one of its directors, &#8220;the projects become an element of benefit for the architect as a great work, but the user has to suffer all the shortcomings of functionality.<\/p>\n\n\n\n<p class=\"textojustificado wp-block-paragraph\">The shortage of parking spaces, one of Bogot\u00e1&#8217;s main problems, was solved with 1,025 parking spaces distributed in four and a half basements.<\/p>\n\n\n\n<p class=\"textojustificado wp-block-paragraph\">Construction of the complex began twenty months ago. The first stage has already been completed and the second stage will be completed in April of next year.<\/p>\n\n\n\n<p class=\"textojustificado wp-block-paragraph\">The colonization of the finished tower was done by Almagrario S.A., one of the thirty companies that bought the complex and moved in early.<\/p>\n\n\n\n<p class=\"textojustificado wp-block-paragraph\">It is a structure that, in spite of its height and proximity to the hills, does not totally obstruct the view of them. There is a space between the two towers that allows the presence of the mountains.<\/p>\n\n\n\n<p class=\"textojustificado wp-block-paragraph\">During the tour of the finished building, this newspaper reached the ninth floor. The atmosphere in the halls was one of serenity and elegance.<\/p>\n\n\n\n<p class=\"textojustificado wp-block-paragraph\">In fact, it was achieved with a refined design of the floors, with walls half-veneered in marble and with a handrail of the same material and the rest of the wall painted. Predominating pastel shades of gray, pink and green.<\/p>\n\n\n\n<p class=\"textojustificado wp-block-paragraph\">In this access, as in the rest of the set, there are no large lamps. Small spotlights, of halogen lights, are embedded in the ceiling.<\/p>\n\n\n\n<p class=\"textojustificado wp-block-paragraph\">The fenestration solves the problem of security and noise. It has double panes of glass, with a plastic film in the middle. If they break, the particles remain adhered to the film. The three layers, on the other hand, definitively isolate the noise from S\u00e9ptima and 72nd Street.<\/p>\n\n\n\n<p class=\"textojustificado wp-block-paragraph\">Thus, with these towers, the private company considers that it has created an urban landmark on 72nd Street and consolidated this sector as the new financial and business center of the city.<\/p>","protected":false},"excerpt":{"rendered":"<p>BY GLORIA VALLEJO EL TIEMPO Newspaper\/ SATURDAY, JULY 25, 1992 The oldest construction company in Bogot\u00e1, Cu\u00e9llar Serrano G\u00f3mez &#8211; which built the Tequendama Hotel and the Jockey Club headquarters, among others &#8211; is about to finish a new architectural work on Chile Avenue. The new ingredient: an impeccable system of making buildings without mortifying [&hellip;]<\/p>\n","protected":false},"author":154715982,"featured_media":0,"parent":0,"menu_order":0,"comment_status":"closed","ping_status":"closed","template":"","meta":{"_coblocks_attr":"","_coblocks_dimensions":"","_coblocks_responsive_height":"","_coblocks_accordion_ie_support":"","_crdt_document":"","advanced_seo_description":"nadin ospina, Gloria Vallejo, el tiempo, 72, venados","jetpack_seo_html_title":"","jetpack_seo_noindex":false,"jetpack_post_was_ever_published":false,"footnotes":""},"class_list":["post-4472","page","type-page","status-publish","hentry"],"jetpack_likes_enabled":true,"jetpack_sharing_enabled":true,"jetpack_shortlink":"https:\/\/wp.me\/PaPj6W-1a8","jetpack-related-posts":[],"_links":{"self":[{"href":"https:\/\/nadinospina.org\/en\/wp-json\/wp\/v2\/pages\/4472","targetHints":{"allow":["GET"]}}],"collection":[{"href":"https:\/\/nadinospina.org\/en\/wp-json\/wp\/v2\/pages"}],"about":[{"href":"https:\/\/nadinospina.org\/en\/wp-json\/wp\/v2\/types\/page"}],"author":[{"embeddable":true,"href":"https:\/\/nadinospina.org\/en\/wp-json\/wp\/v2\/users\/154715982"}],"replies":[{"embeddable":true,"href":"https:\/\/nadinospina.org\/en\/wp-json\/wp\/v2\/comments?post=4472"}],"version-history":[{"count":3,"href":"https:\/\/nadinospina.org\/en\/wp-json\/wp\/v2\/pages\/4472\/revisions"}],"predecessor-version":[{"id":4475,"href":"https:\/\/nadinospina.org\/en\/wp-json\/wp\/v2\/pages\/4472\/revisions\/4475"}],"wp:attachment":[{"href":"https:\/\/nadinospina.org\/en\/wp-json\/wp\/v2\/media?parent=4472"}],"curies":[{"name":"wp","href":"https:\/\/api.w.org\/{rel}","templated":true}]}}