{"id":4288,"date":"2022-07-22T20:34:57","date_gmt":"2022-07-22T20:34:57","guid":{"rendered":"https:\/\/nadinospina.org\/?page_id=4288"},"modified":"2022-07-22T20:37:14","modified_gmt":"2022-07-22T20:37:14","slug":"la-simulacion-de-nadin-y-simpson","status":"publish","type":"page","link":"https:\/\/nadinospina.org\/en\/la-simulacion-de-nadin-y-simpson\/","title":{"rendered":"La simulaci\u00f3n de Nad\u00edn y Simpson"},"content":{"rendered":"<h4 class=\"has-text-align-center wp-block-heading\"><strong>Javier Gil&nbsp;<\/strong><\/h4>\n\n\n\n<p class=\"wp-block-paragraph\"><\/p>\n\n\n\n<figure class=\"wp-block-gallery has-nested-images columns-default is-cropped wp-block-gallery-1 is-layout-flex wp-block-gallery-is-layout-flex\">\n<figure class=\"wp-block-image size-large\"><img data-recalc-dims=\"1\" fetchpriority=\"high\" decoding=\"async\" width=\"620\" height=\"791\" data-attachment-id=\"4289\" data-permalink=\"https:\/\/nadinospina.org\/en\/la-simulacion-de-nadin-y-simpson\/1-6\/\" data-orig-file=\"https:\/\/i0.wp.com\/nadinospina.org\/wp-content\/uploads\/2022\/07\/1-6.png?fit=620%2C791&amp;ssl=1\" data-orig-size=\"620,791\" data-comments-opened=\"1\" data-image-meta=\"{&quot;aperture&quot;:&quot;0&quot;,&quot;credit&quot;:&quot;&quot;,&quot;camera&quot;:&quot;&quot;,&quot;caption&quot;:&quot;&quot;,&quot;created_timestamp&quot;:&quot;0&quot;,&quot;copyright&quot;:&quot;&quot;,&quot;focal_length&quot;:&quot;0&quot;,&quot;iso&quot;:&quot;0&quot;,&quot;shutter_speed&quot;:&quot;0&quot;,&quot;title&quot;:&quot;&quot;,&quot;orientation&quot;:&quot;0&quot;}\" data-image-title=\"1-6\" data-image-description=\"\" data-image-caption=\"\" data-large-file=\"https:\/\/i0.wp.com\/nadinospina.org\/wp-content\/uploads\/2022\/07\/1-6.png?fit=620%2C791&amp;ssl=1\" data-id=\"4289\" src=\"https:\/\/i0.wp.com\/nadinospina.org\/wp-content\/uploads\/2022\/07\/1-6.png?resize=620%2C791&#038;ssl=1\" alt=\"\" class=\"wp-image-4289\" srcset=\"https:\/\/i0.wp.com\/nadinospina.org\/wp-content\/uploads\/2022\/07\/1-6.png?w=620&amp;ssl=1 620w, https:\/\/i0.wp.com\/nadinospina.org\/wp-content\/uploads\/2022\/07\/1-6.png?resize=235%2C300&amp;ssl=1 235w, https:\/\/i0.wp.com\/nadinospina.org\/wp-content\/uploads\/2022\/07\/1-6.png?resize=9%2C12&amp;ssl=1 9w\" sizes=\"(max-width: 620px) 100vw, 620px\" \/><figcaption class=\"wp-element-caption\"><strong>Catalogo de la exposici\u00f3n BIZARROS Y CRITICOS, Galer\u00eda arte 19, Bogot\u00e1 Agosto de&nbsp; 1993<\/strong><br><\/figcaption><\/figure>\n<\/figure>\n\n\n\n<p class=\"textojustificado wp-block-paragraph\">Piezas reci\u00e9n envejecidas, reci\u00e9n \u201cprecolombinizadas\u201d nos&nbsp; entrega Nad\u00edn Ospina en su sorprendente exposici\u00f3n. En ella se&nbsp; congregan hipop\u00f3tamos, cocodrilos y tortugas extra\u00eddas de&nbsp; juguetes de circulaci\u00f3n masiva; cabezas y figuras del famoso&nbsp; personaje de los Simpson en poses que lo asemejan a la solidez,&nbsp; frontalidad y atemporalidad de la estatuaria precolombina. Esta&nbsp; serie de elementos se disponen con el mayor rigor est\u00e9tico,&nbsp; simulando la presencia de un espacio art\u00edstico o antropol\u00f3gico.&nbsp; Las artificiales figuras, elaboradas con la mayor precisi\u00f3n&nbsp; t\u00e9cnica, dejan ver las fisuras, resquebrajaduras y decoloraciones&nbsp; que imprime el tiempo en los objetos antiguos. En tal virtud la&nbsp; exposici\u00f3n nos produce la extra\u00f1eza propia de lo que es y no es&nbsp; al mismo tiempo, de lo serio e ir\u00f3nico, de lo real y lo simulado.&nbsp;<\/p>\n\n\n\n<p class=\"textojustificado wp-block-paragraph\">Varias reflexiones, entonces, podemos desprender de las&nbsp; operaciones art\u00edsticas ejecutadas por Nad\u00edn Ospina:&nbsp;<\/p>\n\n\n\n<p class=\"textojustificado wp-block-paragraph\">&#8211; En torno al artista. Este desaparece en su condici\u00f3n cl\u00e1sica&nbsp; ligada al buen oficio, al estilo, a la autor\u00eda, a una personalidad&nbsp; \u00fanica e individual.&nbsp;<\/p>\n\n\n\n<p class=\"textojustificado wp-block-paragraph\">Nada de eso se percibe en esta ocasi\u00f3n, un nuevo concepto de&nbsp; artista se insin\u00faa, aquel que opera sobre cosas ya hechas, un&nbsp; operador de orden conceptual a partir de intervenciones&nbsp; m\u00ednimas. Casi que el merito art\u00edstico \u2013en su sentido cl\u00e1sico\u2013 le&nbsp; corresponde al artesano con su admirable t\u00e9cnica.&nbsp;<\/p>\n\n\n\n<p class=\"textojustificado wp-block-paragraph\">&#8211; Pone al descubierto la simulaci\u00f3n generalizada que caracteriza&nbsp; nuestra \u00e9poca. Baudrillard ha indicado que asistimos al fin de lo&nbsp; real \u2013 original y la consecuente escenificaci\u00f3n del simple signo&nbsp; de las cosas. De la verdad a la apariencia, del arte al artificio.&nbsp; Simulacros, pliegues y despliegues de una simulaci\u00f3n que ya no&nbsp; esconde nada, simplemente anuncia la legitimidad de la l\u00f3gica&nbsp; del simulacro. Nos hace ver la producci\u00f3n de \u201cautenticidad\u201d, la&nbsp;nueva industria de lo \u201cautentico\u201d, la genuina producci\u00f3n de&nbsp; \u201cpasado\u201d, siendo cada vez mas evidente nuestro feliz&nbsp; acoplamiento a esa l\u00f3gica. Ya no buscamos verdades originales,&nbsp; nos conformamos con simulaciones. Artificialidad de lo natural,&nbsp; naturalidad del artificio. Lo culto y lo popular se emparejan en&nbsp; esta actitud, la diferencia radica en que unos optan por las&nbsp; reproducciones de arte o las flores artificiales, mientras que los&nbsp; grupos \u201ccultos\u201d optan por piezas que se esmeran en parecer&nbsp; originales, \u00fanicas, viejas, perfectas, veros\u00edmiles.&nbsp;<\/p>\n\n\n\n<p class=\"textojustificado wp-block-paragraph\">A\u00fan dentro de esta l\u00f3gica persiste el deseo com\u00fan de&nbsp; diferenciaci\u00f3n y distinci\u00f3n.&nbsp;<\/p>\n\n\n\n<p class=\"textojustificado wp-block-paragraph\">&#8211; A partir de la misma estrategia de simulaci\u00f3n produce un&nbsp; comentario critico sobre como se produce la cultura por el&nbsp; museo. Simula un espacio antropol\u00f3gico para hacer evidente&nbsp; desde dentro \u2013y con su propia l\u00f3gica- los artificios y ficciones&nbsp; escondidos detr\u00e1s de la presunta inocencia del museo. Por un&nbsp; lado el museo antropol\u00f3gico con su proceder conmemora el&nbsp; pasado como legitimo y sacro frente a un presente profano y&nbsp; relativamente vulgar. Eso lleva a fetichizar y fijar la cultura en&nbsp; ciertos \u201cobjetos\u201d descontextualizados, despojados de sus&nbsp; v\u00ednculos vitales y de su \u201ctrabajo\u201d cotidiano. La exhibici\u00f3n&nbsp; antropol\u00f3gica, por medio de esa abstracci\u00f3n, dota a los objetos&nbsp; de una l\u00f3gica, una gram\u00e1tica y una est\u00e9tica que les es ajena. De&nbsp; paso produce un concepto de cultura indiferente a las practicas&nbsp; y experiencias cotidianas y ce\u00f1ido a objetos que se han de&nbsp; guardar, contemplar y difundir como \u201cobras de arte\u201d. Esto se&nbsp; deriva directamente de lo lugares y formas de exhibici\u00f3n.&nbsp;<\/p>\n\n\n\n<p class=\"textojustificado wp-block-paragraph\">-En esa cadena de simulacros el artista hace un simulacro de si&nbsp; mismo. En anteriores oportunidades ha mostrado su obra con&nbsp; una disposici\u00f3n art\u00edstica \u201cseria\u201d. Hoy se parodia a si mismo, crea&nbsp; un espacio similar a los anteriores, con la misma pulcritud&nbsp; est\u00e9tica, pero con distinta actitud.<\/p>\n\n\n\n<p class=\"textojustificado wp-block-paragraph\">-La cercan\u00eda de lo culto y lo popular se pone de manifiesto, una&nbsp; vez m\u00e1s, mediante la idea del coleccionismo. Mientras el hombre&nbsp; \u201cculto\u201d colecciona ,cree coleccionar o simula coleccionar&nbsp; originales, el hombre com\u00fan colecciona \u2013quiz\u00e1s con menos af\u00e1n&nbsp; diferenciador\u2013 laminas o im\u00e1genes de los medios de&nbsp; comunicaci\u00f3n. La magnifica imagen de un Simpson&nbsp; precolombino permite pensar una actitud similar entre el&nbsp; coleccionista de \u201coriginales\u201d y el coleccionista de im\u00e1genes&nbsp; masivas.&nbsp;<\/p>\n\n\n\n<p class=\"textojustificado wp-block-paragraph\">As\u00ed mismo nos da que pensar en otras direcciones: Nuevas&nbsp; deidades provenientes del mundo, de los mass-media?, redes de&nbsp; contaminaci\u00f3n de im\u00e1genes y tiempos?, proximidad absoluta de&nbsp; todas las cosas en la era posmoderna?, burla de ciertos valores?,&nbsp; critica a una presunta, original, e incontaminada identidad,&nbsp; poniendo en su lugar el sincretismo que sufre la misma&nbsp; identidad con diversas im\u00e1genes y tiempos?.&nbsp;<\/p>\n\n\n\n<p class=\"textojustificado wp-block-paragraph\">Quiz\u00e1s hoy se produce mayor identificaci\u00f3n con las im\u00e1genes de&nbsp; los medios masivos que con una identidad remota e&nbsp; inmodificable.&nbsp;<\/p>\n\n\n\n<p class=\"textojustificado wp-block-paragraph\">En cualquier caso la reproducci\u00f3n seriada de hombres Simpson,&nbsp; mas all\u00e1 de la sonrisa que despierta su alusi\u00f3n a los cr\u00edticos, es&nbsp; un objeto que revela las desterritorializaciones de la cultura&nbsp; contempor\u00e1nea. En esa figura se sintetiza el producto \u00fanico con&nbsp; la producci\u00f3n industrial, lo original con lo masivo, lo sacro con lo&nbsp; cotidiano, lo pasado y lo presente, lo popular y lo elitista, lo&nbsp; fugaz con lo permanente. Se funde lo mas radicalmente distinto&nbsp; explicitando sus inesperadas proximidades, casi podr\u00edamos&nbsp; decir que el Simpson precolombino se constituye en un s\u00edmbolo&nbsp; felizmente burl\u00f3n y juguet\u00f3n de muchos de los actuales&nbsp; desplazamientos culturales.<\/p>","protected":false},"excerpt":{"rendered":"<p>Javier Gil&nbsp; Piezas reci\u00e9n envejecidas, reci\u00e9n \u201cprecolombinizadas\u201d nos&nbsp; entrega Nad\u00edn Ospina en su sorprendente exposici\u00f3n. En ella se&nbsp; congregan hipop\u00f3tamos, cocodrilos y tortugas extra\u00eddas de&nbsp; juguetes de circulaci\u00f3n masiva; cabezas y figuras del famoso&nbsp; personaje de los Simpson en poses que lo asemejan a la solidez,&nbsp; frontalidad y atemporalidad de la estatuaria precolombina. Esta&nbsp; serie [&hellip;]<\/p>\n","protected":false},"author":154715982,"featured_media":0,"parent":0,"menu_order":0,"comment_status":"closed","ping_status":"closed","template":"","meta":{"_coblocks_attr":"","_coblocks_dimensions":"","_coblocks_responsive_height":"","_coblocks_accordion_ie_support":"","_crdt_document":"","advanced_seo_description":"Nadin Ospina Bizarros y criticos ceramica animales arte colombiano colombia ","jetpack_seo_html_title":"","jetpack_seo_noindex":false,"footnotes":""},"class_list":["post-4288","page","type-page","status-publish","hentry"],"jetpack_likes_enabled":true,"jetpack_sharing_enabled":true,"jetpack_shortlink":"https:\/\/wp.me\/PaPj6W-17a","jetpack-related-posts":[],"_links":{"self":[{"href":"https:\/\/nadinospina.org\/en\/wp-json\/wp\/v2\/pages\/4288","targetHints":{"allow":["GET"]}}],"collection":[{"href":"https:\/\/nadinospina.org\/en\/wp-json\/wp\/v2\/pages"}],"about":[{"href":"https:\/\/nadinospina.org\/en\/wp-json\/wp\/v2\/types\/page"}],"author":[{"embeddable":true,"href":"https:\/\/nadinospina.org\/en\/wp-json\/wp\/v2\/users\/154715982"}],"replies":[{"embeddable":true,"href":"https:\/\/nadinospina.org\/en\/wp-json\/wp\/v2\/comments?post=4288"}],"version-history":[{"count":6,"href":"https:\/\/nadinospina.org\/en\/wp-json\/wp\/v2\/pages\/4288\/revisions"}],"predecessor-version":[{"id":4296,"href":"https:\/\/nadinospina.org\/en\/wp-json\/wp\/v2\/pages\/4288\/revisions\/4296"}],"wp:attachment":[{"href":"https:\/\/nadinospina.org\/en\/wp-json\/wp\/v2\/media?parent=4288"}],"curies":[{"name":"wp","href":"https:\/\/api.w.org\/{rel}","templated":true}]}}