{"id":2924,"date":"2021-03-11T00:20:52","date_gmt":"2021-03-11T00:20:52","guid":{"rendered":"https:\/\/nadinospina.org\/?page_id=2924"},"modified":"2023-04-09T19:37:58","modified_gmt":"2023-04-09T19:37:58","slug":"atlantes","status":"publish","type":"page","link":"https:\/\/nadinospina.org\/en\/atlantes\/","title":{"rendered":"Atlantes"},"content":{"rendered":"<div class=\"wp-block-image\">\n<figure class=\"aligncenter size-large\"><img data-recalc-dims=\"1\" fetchpriority=\"high\" decoding=\"async\" width=\"640\" height=\"426\" data-attachment-id=\"6722\" data-permalink=\"https:\/\/nadinospina.org\/en\/atlantes\/captura-de-pantalla-2023-04-05-a-las-3-53-34-p-m\/\" data-orig-file=\"https:\/\/i0.wp.com\/nadinospina.org\/wp-content\/uploads\/2023\/04\/Captura-de-Pantalla-2023-04-05-a-las-3.53.34-p.-m.png?fit=3210%2C2138&amp;ssl=1\" data-orig-size=\"3210,2138\" data-comments-opened=\"1\" data-image-meta=\"{&quot;aperture&quot;:&quot;0&quot;,&quot;credit&quot;:&quot;&quot;,&quot;camera&quot;:&quot;&quot;,&quot;caption&quot;:&quot;&quot;,&quot;created_timestamp&quot;:&quot;0&quot;,&quot;copyright&quot;:&quot;&quot;,&quot;focal_length&quot;:&quot;0&quot;,&quot;iso&quot;:&quot;0&quot;,&quot;shutter_speed&quot;:&quot;0&quot;,&quot;title&quot;:&quot;&quot;,&quot;orientation&quot;:&quot;0&quot;}\" data-image-title=\"Captura de Pantalla 2023-04-05 a la(s) 3.53.34 p. m.\" data-image-description=\"\" data-image-caption=\"\" data-large-file=\"https:\/\/i0.wp.com\/nadinospina.org\/wp-content\/uploads\/2023\/04\/Captura-de-Pantalla-2023-04-05-a-las-3.53.34-p.-m.png?fit=640%2C426&amp;ssl=1\" src=\"https:\/\/i0.wp.com\/nadinospina.org\/wp-content\/uploads\/2023\/04\/Captura-de-Pantalla-2023-04-05-a-las-3.53.34-p.-m.png?resize=640%2C426&#038;ssl=1\" alt=\"\" class=\"wp-image-6722\" srcset=\"https:\/\/i0.wp.com\/nadinospina.org\/wp-content\/uploads\/2023\/04\/Captura-de-Pantalla-2023-04-05-a-las-3.53.34-p.-m.png?resize=1024%2C682&amp;ssl=1 1024w, https:\/\/i0.wp.com\/nadinospina.org\/wp-content\/uploads\/2023\/04\/Captura-de-Pantalla-2023-04-05-a-las-3.53.34-p.-m.png?resize=300%2C200&amp;ssl=1 300w, https:\/\/i0.wp.com\/nadinospina.org\/wp-content\/uploads\/2023\/04\/Captura-de-Pantalla-2023-04-05-a-las-3.53.34-p.-m.png?resize=768%2C512&amp;ssl=1 768w, https:\/\/i0.wp.com\/nadinospina.org\/wp-content\/uploads\/2023\/04\/Captura-de-Pantalla-2023-04-05-a-las-3.53.34-p.-m.png?resize=1536%2C1023&amp;ssl=1 1536w, https:\/\/i0.wp.com\/nadinospina.org\/wp-content\/uploads\/2023\/04\/Captura-de-Pantalla-2023-04-05-a-las-3.53.34-p.-m.png?resize=2048%2C1364&amp;ssl=1 2048w, https:\/\/i0.wp.com\/nadinospina.org\/wp-content\/uploads\/2023\/04\/Captura-de-Pantalla-2023-04-05-a-las-3.53.34-p.-m.png?resize=18%2C12&amp;ssl=1 18w, https:\/\/i0.wp.com\/nadinospina.org\/wp-content\/uploads\/2023\/04\/Captura-de-Pantalla-2023-04-05-a-las-3.53.34-p.-m.png?resize=1200%2C799&amp;ssl=1 1200w, https:\/\/i0.wp.com\/nadinospina.org\/wp-content\/uploads\/2023\/04\/Captura-de-Pantalla-2023-04-05-a-las-3.53.34-p.-m.png?resize=1280%2C853&amp;ssl=1 1280w, https:\/\/i0.wp.com\/nadinospina.org\/wp-content\/uploads\/2023\/04\/Captura-de-Pantalla-2023-04-05-a-las-3.53.34-p.-m.png?w=1920&amp;ssl=1 1920w\" sizes=\"(max-width: 640px) 100vw, 640px\" \/><\/figure>\n<\/div>\n\n\n<p class=\"wp-block-paragraph\"><a href=\"https:\/\/es.wikipedia.org\/wiki\/Atlantes_de_Tula\" target=\"_blank\" rel=\"noreferrer noopener\">Atlantes de Tula. M\u00e9xico.<\/a><\/p>\n\n\n<div class=\"wp-block-image\">\n<figure class=\"aligncenter size-large\"><img data-recalc-dims=\"1\" decoding=\"async\" width=\"640\" height=\"502\" data-attachment-id=\"6724\" data-permalink=\"https:\/\/nadinospina.org\/en\/atlantes\/atlante-tres-vistas-frente-frente-lateral-lateral-2022-bronce-200-x-54-x-54-cm\/\" data-orig-file=\"https:\/\/i0.wp.com\/nadinospina.org\/wp-content\/uploads\/2023\/04\/Atlante.-Tres-vistas.-Frente-frente.-Lateral-lateral.2022.-Bronce.-200-x-54-x-54-cm-e1755119115631.png?fit=800%2C627&amp;ssl=1\" data-orig-size=\"800,627\" data-comments-opened=\"1\" data-image-meta=\"{&quot;aperture&quot;:&quot;0&quot;,&quot;credit&quot;:&quot;&quot;,&quot;camera&quot;:&quot;&quot;,&quot;caption&quot;:&quot;&quot;,&quot;created_timestamp&quot;:&quot;0&quot;,&quot;copyright&quot;:&quot;&quot;,&quot;focal_length&quot;:&quot;0&quot;,&quot;iso&quot;:&quot;0&quot;,&quot;shutter_speed&quot;:&quot;0&quot;,&quot;title&quot;:&quot;&quot;,&quot;orientation&quot;:&quot;0&quot;}\" data-image-title=\"Atlante. Tres vistas. Frente frente. Lateral lateral.2022. Bronce. 200 x 54 x 54 cm\" data-image-description=\"\" data-image-caption=\"\" data-large-file=\"https:\/\/i0.wp.com\/nadinospina.org\/wp-content\/uploads\/2023\/04\/Atlante.-Tres-vistas.-Frente-frente.-Lateral-lateral.2022.-Bronce.-200-x-54-x-54-cm-e1755119115631.png?fit=640%2C502&amp;ssl=1\" src=\"https:\/\/i0.wp.com\/nadinospina.org\/wp-content\/uploads\/2023\/04\/Atlante.-Tres-vistas.-Frente-frente.-Lateral-lateral.2022.-Bronce.-200-x-54-x-54-cm.png?resize=640%2C502&#038;ssl=1\" alt=\"\" class=\"wp-image-6724\"\/><figcaption class=\"wp-element-caption\"><strong><em>Atlante.<\/em><\/strong> 2020. Bronce. 200 x 53 x 53 cm. Colecci\u00f3n del campus de la Universidad del Norte. Barranquilla. Colombia<\/figcaption><\/figure>\n<\/div>\n\n\n<p class=\"wp-block-paragraph\"><\/p>\n\n\n\n<figure class=\"wp-block-embed aligncenter is-type-video is-provider-youtube wp-block-embed-youtube wp-embed-aspect-16-9 wp-has-aspect-ratio\"><div class=\"wp-block-embed__wrapper\">\n<div class=\"jetpack-video-wrapper\"><span class=\"embed-youtube\" style=\"text-align:center; display: block;\"><iframe class=\"youtube-player\" width=\"640\" height=\"360\" src=\"https:\/\/www.youtube.com\/embed\/-11FdpJ16Eg?version=3&#038;rel=1&#038;showsearch=0&#038;showinfo=1&#038;iv_load_policy=1&#038;fs=1&#038;hl=en-US&#038;autohide=2&#038;wmode=transparent\" allowfullscreen=\"true\" style=\"border:0;\" sandbox=\"allow-scripts allow-same-origin allow-popups allow-presentation allow-popups-to-escape-sandbox\"><\/iframe><\/span><\/div>\n<\/div><\/figure>\n\n\n\n<p class=\"wp-block-paragraph\"><\/p>\n\n\n<div class=\"wp-block-image\">\n<figure class=\"aligncenter size-large\"><img data-recalc-dims=\"1\" decoding=\"async\" width=\"640\" height=\"958\" data-attachment-id=\"6727\" data-permalink=\"https:\/\/nadinospina.org\/en\/atlantes\/atlante-frente-abajo-2022-bronce-200-x-53-x-53-cm-universidad-del-norte-barranquilla\/\" data-orig-file=\"https:\/\/i0.wp.com\/nadinospina.org\/wp-content\/uploads\/2023\/04\/Atlante-Frente-abajo.-2022.-Bronce.-200-x-53-x-53-cm.-Universidad-del-Norte.-Barranquilla.png?fit=789%2C1181&amp;ssl=1\" data-orig-size=\"789,1181\" data-comments-opened=\"1\" data-image-meta=\"{&quot;aperture&quot;:&quot;0&quot;,&quot;credit&quot;:&quot;&quot;,&quot;camera&quot;:&quot;&quot;,&quot;caption&quot;:&quot;&quot;,&quot;created_timestamp&quot;:&quot;0&quot;,&quot;copyright&quot;:&quot;&quot;,&quot;focal_length&quot;:&quot;0&quot;,&quot;iso&quot;:&quot;0&quot;,&quot;shutter_speed&quot;:&quot;0&quot;,&quot;title&quot;:&quot;&quot;,&quot;orientation&quot;:&quot;0&quot;}\" data-image-title=\"Atlante (Frente abajo). 2022. Bronce. 200 x 53 x 53 cm. Universidad del Norte. Barranquilla.\" data-image-description=\"\" data-image-caption=\"\" data-large-file=\"https:\/\/i0.wp.com\/nadinospina.org\/wp-content\/uploads\/2023\/04\/Atlante-Frente-abajo.-2022.-Bronce.-200-x-53-x-53-cm.-Universidad-del-Norte.-Barranquilla.png?fit=640%2C958&amp;ssl=1\" src=\"https:\/\/i0.wp.com\/nadinospina.org\/wp-content\/uploads\/2023\/04\/Atlante-Frente-abajo.-2022.-Bronce.-200-x-53-x-53-cm.-Universidad-del-Norte.-Barranquilla.png?resize=640%2C958&#038;ssl=1\" alt=\"\" class=\"wp-image-6727\" srcset=\"https:\/\/i0.wp.com\/nadinospina.org\/wp-content\/uploads\/2023\/04\/Atlante-Frente-abajo.-2022.-Bronce.-200-x-53-x-53-cm.-Universidad-del-Norte.-Barranquilla.png?resize=684%2C1024&amp;ssl=1 684w, https:\/\/i0.wp.com\/nadinospina.org\/wp-content\/uploads\/2023\/04\/Atlante-Frente-abajo.-2022.-Bronce.-200-x-53-x-53-cm.-Universidad-del-Norte.-Barranquilla.png?resize=200%2C300&amp;ssl=1 200w, https:\/\/i0.wp.com\/nadinospina.org\/wp-content\/uploads\/2023\/04\/Atlante-Frente-abajo.-2022.-Bronce.-200-x-53-x-53-cm.-Universidad-del-Norte.-Barranquilla.png?resize=768%2C1150&amp;ssl=1 768w, https:\/\/i0.wp.com\/nadinospina.org\/wp-content\/uploads\/2023\/04\/Atlante-Frente-abajo.-2022.-Bronce.-200-x-53-x-53-cm.-Universidad-del-Norte.-Barranquilla.png?resize=8%2C12&amp;ssl=1 8w, https:\/\/i0.wp.com\/nadinospina.org\/wp-content\/uploads\/2023\/04\/Atlante-Frente-abajo.-2022.-Bronce.-200-x-53-x-53-cm.-Universidad-del-Norte.-Barranquilla.png?w=789&amp;ssl=1 789w\" sizes=\"(max-width: 640px) 100vw, 640px\" \/><figcaption class=\"wp-element-caption\"><strong><em>Atlante<\/em><\/strong>. 2020. Bronce. 200 x 53 x 53 cm. Colecci\u00f3n del campus de la Universidad del Norte. Barranquilla. Colombia.<\/figcaption><\/figure>\n<\/div>\n\n\n<p class=\"wp-block-paragraph\"><\/p>\n\n\n<div class=\"wp-block-image\">\n<figure class=\"aligncenter size-large\"><img data-recalc-dims=\"1\" loading=\"lazy\" decoding=\"async\" width=\"640\" height=\"958\" data-attachment-id=\"6729\" data-permalink=\"https:\/\/nadinospina.org\/en\/atlantes\/atlante-lateral-izquierda-abajo-amplia-2022-bronce-200-x-53-x-53-cm-universidad-del-norte-barranquilla\/\" data-orig-file=\"https:\/\/i0.wp.com\/nadinospina.org\/wp-content\/uploads\/2023\/04\/Atlante-Lateral-izquierda-abajo-amplia.-2022.-Bronce.-200-x-53-x-53-cm.-Universidad-del-Norte.-Barranquilla.png?fit=789%2C1181&amp;ssl=1\" data-orig-size=\"789,1181\" data-comments-opened=\"1\" data-image-meta=\"{&quot;aperture&quot;:&quot;0&quot;,&quot;credit&quot;:&quot;&quot;,&quot;camera&quot;:&quot;&quot;,&quot;caption&quot;:&quot;&quot;,&quot;created_timestamp&quot;:&quot;0&quot;,&quot;copyright&quot;:&quot;&quot;,&quot;focal_length&quot;:&quot;0&quot;,&quot;iso&quot;:&quot;0&quot;,&quot;shutter_speed&quot;:&quot;0&quot;,&quot;title&quot;:&quot;&quot;,&quot;orientation&quot;:&quot;0&quot;}\" data-image-title=\"Atlante (Lateral izquierda abajo amplia). 2022. Bronce. 200 x 53 x 53 cm. Universidad del Norte. Barranquilla.\" data-image-description=\"\" data-image-caption=\"\" data-large-file=\"https:\/\/i0.wp.com\/nadinospina.org\/wp-content\/uploads\/2023\/04\/Atlante-Lateral-izquierda-abajo-amplia.-2022.-Bronce.-200-x-53-x-53-cm.-Universidad-del-Norte.-Barranquilla.png?fit=640%2C958&amp;ssl=1\" src=\"https:\/\/i0.wp.com\/nadinospina.org\/wp-content\/uploads\/2023\/04\/Atlante-Lateral-izquierda-abajo-amplia.-2022.-Bronce.-200-x-53-x-53-cm.-Universidad-del-Norte.-Barranquilla.png?resize=640%2C958&#038;ssl=1\" alt=\"\" class=\"wp-image-6729\" srcset=\"https:\/\/i0.wp.com\/nadinospina.org\/wp-content\/uploads\/2023\/04\/Atlante-Lateral-izquierda-abajo-amplia.-2022.-Bronce.-200-x-53-x-53-cm.-Universidad-del-Norte.-Barranquilla.png?resize=684%2C1024&amp;ssl=1 684w, https:\/\/i0.wp.com\/nadinospina.org\/wp-content\/uploads\/2023\/04\/Atlante-Lateral-izquierda-abajo-amplia.-2022.-Bronce.-200-x-53-x-53-cm.-Universidad-del-Norte.-Barranquilla.png?resize=200%2C300&amp;ssl=1 200w, https:\/\/i0.wp.com\/nadinospina.org\/wp-content\/uploads\/2023\/04\/Atlante-Lateral-izquierda-abajo-amplia.-2022.-Bronce.-200-x-53-x-53-cm.-Universidad-del-Norte.-Barranquilla.png?resize=768%2C1150&amp;ssl=1 768w, https:\/\/i0.wp.com\/nadinospina.org\/wp-content\/uploads\/2023\/04\/Atlante-Lateral-izquierda-abajo-amplia.-2022.-Bronce.-200-x-53-x-53-cm.-Universidad-del-Norte.-Barranquilla.png?resize=8%2C12&amp;ssl=1 8w, https:\/\/i0.wp.com\/nadinospina.org\/wp-content\/uploads\/2023\/04\/Atlante-Lateral-izquierda-abajo-amplia.-2022.-Bronce.-200-x-53-x-53-cm.-Universidad-del-Norte.-Barranquilla.png?w=789&amp;ssl=1 789w\" sizes=\"(max-width: 640px) 100vw, 640px\" \/><figcaption class=\"wp-element-caption\"><strong><em>Atlante<\/em><\/strong>. 2020. Bronce. 200 x 53 x 53 cm. Colecci\u00f3n del campus de la Universidad del Norte. Barranquilla. Colombia.<\/figcaption><\/figure>\n<\/div>\n\n\n<p class=\"wp-block-paragraph\"><\/p>\n\n\n<div class=\"wp-block-image\">\n<figure class=\"aligncenter size-large\"><img data-recalc-dims=\"1\" loading=\"lazy\" decoding=\"async\" width=\"640\" height=\"958\" data-attachment-id=\"6731\" data-permalink=\"https:\/\/nadinospina.org\/en\/atlantes\/nadin-con-atlante-lateral-derecha-abajo-amplia-iv-2022-bronce-200-x-53-x-53-cm-universidad-del-norte-barranquilla\/\" data-orig-file=\"https:\/\/i0.wp.com\/nadinospina.org\/wp-content\/uploads\/2023\/04\/Nadin-con-Atlante-Lateral-derecha-abajo-amplia-IV.-2022.-Bronce.-200-x-53-x-53-cm.-Universidad-del-Norte.-Barranquilla.png?fit=789%2C1181&amp;ssl=1\" data-orig-size=\"789,1181\" data-comments-opened=\"1\" data-image-meta=\"{&quot;aperture&quot;:&quot;0&quot;,&quot;credit&quot;:&quot;&quot;,&quot;camera&quot;:&quot;&quot;,&quot;caption&quot;:&quot;&quot;,&quot;created_timestamp&quot;:&quot;0&quot;,&quot;copyright&quot;:&quot;&quot;,&quot;focal_length&quot;:&quot;0&quot;,&quot;iso&quot;:&quot;0&quot;,&quot;shutter_speed&quot;:&quot;0&quot;,&quot;title&quot;:&quot;&quot;,&quot;orientation&quot;:&quot;0&quot;}\" data-image-title=\"Nadi\u0301n con Atlante (Lateral derecha abajo amplia IV). 2022. Bronce. 200 x 53 x 53 cm. Universidad del Norte. Barranquilla.\" data-image-description=\"\" data-image-caption=\"\" data-large-file=\"https:\/\/i0.wp.com\/nadinospina.org\/wp-content\/uploads\/2023\/04\/Nadin-con-Atlante-Lateral-derecha-abajo-amplia-IV.-2022.-Bronce.-200-x-53-x-53-cm.-Universidad-del-Norte.-Barranquilla.png?fit=640%2C958&amp;ssl=1\" src=\"https:\/\/i0.wp.com\/nadinospina.org\/wp-content\/uploads\/2023\/04\/Nadin-con-Atlante-Lateral-derecha-abajo-amplia-IV.-2022.-Bronce.-200-x-53-x-53-cm.-Universidad-del-Norte.-Barranquilla.png?resize=640%2C958&#038;ssl=1\" alt=\"\" class=\"wp-image-6731\" srcset=\"https:\/\/i0.wp.com\/nadinospina.org\/wp-content\/uploads\/2023\/04\/Nadin-con-Atlante-Lateral-derecha-abajo-amplia-IV.-2022.-Bronce.-200-x-53-x-53-cm.-Universidad-del-Norte.-Barranquilla.png?resize=684%2C1024&amp;ssl=1 684w, https:\/\/i0.wp.com\/nadinospina.org\/wp-content\/uploads\/2023\/04\/Nadin-con-Atlante-Lateral-derecha-abajo-amplia-IV.-2022.-Bronce.-200-x-53-x-53-cm.-Universidad-del-Norte.-Barranquilla.png?resize=200%2C300&amp;ssl=1 200w, https:\/\/i0.wp.com\/nadinospina.org\/wp-content\/uploads\/2023\/04\/Nadin-con-Atlante-Lateral-derecha-abajo-amplia-IV.-2022.-Bronce.-200-x-53-x-53-cm.-Universidad-del-Norte.-Barranquilla.png?resize=768%2C1150&amp;ssl=1 768w, https:\/\/i0.wp.com\/nadinospina.org\/wp-content\/uploads\/2023\/04\/Nadin-con-Atlante-Lateral-derecha-abajo-amplia-IV.-2022.-Bronce.-200-x-53-x-53-cm.-Universidad-del-Norte.-Barranquilla.png?resize=8%2C12&amp;ssl=1 8w, https:\/\/i0.wp.com\/nadinospina.org\/wp-content\/uploads\/2023\/04\/Nadin-con-Atlante-Lateral-derecha-abajo-amplia-IV.-2022.-Bronce.-200-x-53-x-53-cm.-Universidad-del-Norte.-Barranquilla.png?w=789&amp;ssl=1 789w\" sizes=\"(max-width: 640px) 100vw, 640px\" \/><figcaption class=\"wp-element-caption\"><strong><em>Atlante<\/em><\/strong>. 2020. Bronce. 200 x 53 x 53 cm. Colecci\u00f3n del campus de la Universidad del Norte. Barranquilla. Colombia.<\/figcaption><\/figure>\n<\/div>\n\n\n<p class=\"wp-block-paragraph\"><\/p>\n\n\n\n<p class=\"wp-block-paragraph\"><\/p>\n\n\n<div class=\"wp-block-image\">\n<figure class=\"aligncenter size-large is-resized\"><img data-recalc-dims=\"1\" loading=\"lazy\" decoding=\"async\" data-attachment-id=\"2940\" data-permalink=\"https:\/\/nadinospina.org\/en\/atlantes\/ospina-nadin-atlante-bronce-fundido-2007-203-x-55-x-55-cm-foto-1-2\/\" data-orig-file=\"https:\/\/i0.wp.com\/nadinospina.org\/wp-content\/uploads\/2021\/03\/ospina-nadin-atlante-bronce-fundido-2007-203-x-55-x-55-cm.-foto-1.jpg?fit=258%2C423&amp;ssl=1\" data-orig-size=\"258,423\" data-comments-opened=\"1\" data-image-meta=\"{&quot;aperture&quot;:&quot;8&quot;,&quot;credit&quot;:&quot;&quot;,&quot;camera&quot;:&quot;NIKON D300&quot;,&quot;caption&quot;:&quot;&quot;,&quot;created_timestamp&quot;:&quot;1225106260&quot;,&quot;copyright&quot;:&quot;&quot;,&quot;focal_length&quot;:&quot;50&quot;,&quot;iso&quot;:&quot;100&quot;,&quot;shutter_speed&quot;:&quot;0.076923076923077&quot;,&quot;title&quot;:&quot;&quot;,&quot;orientation&quot;:&quot;1&quot;}\" data-image-title=\"OSPINA Nad\u00edn, Atlante, Bronce fundido, 2007, 203 x 55 x 55 cm. foto 1\" data-image-description=\"\" data-image-caption=\"\" data-large-file=\"https:\/\/i0.wp.com\/nadinospina.org\/wp-content\/uploads\/2021\/03\/ospina-nadin-atlante-bronce-fundido-2007-203-x-55-x-55-cm.-foto-1.jpg?fit=258%2C423&amp;ssl=1\" src=\"https:\/\/i0.wp.com\/nadinospina.org\/wp-content\/uploads\/2021\/03\/ospina-nadin-atlante-bronce-fundido-2007-203-x-55-x-55-cm.-foto-1.jpg?resize=590%2C967&#038;ssl=1\" alt=\"\" class=\"wp-image-2940\" width=\"590\" height=\"967\"\/><figcaption class=\"wp-element-caption translation-block\"><strong><em>Atlante<\/em><\/strong>. 2005. Bronze. 200 x 54 x 58 cm. Bachu\u00e9 Project Collection.<\/figcaption><\/figure>\n<\/div>\n\n\n<p class=\"wp-block-paragraph\"><\/p>\n\n\n<div class=\"wp-block-image\">\n<figure class=\"aligncenter size-large\"><img data-recalc-dims=\"1\" loading=\"lazy\" decoding=\"async\" width=\"600\" height=\"601\" data-attachment-id=\"69\" data-permalink=\"https:\/\/nadinospina.org\/en\/hibrido-600x601\/\" data-orig-file=\"https:\/\/i0.wp.com\/nadinospina.org\/wp-content\/uploads\/2019\/03\/hibrido-600x601.jpg?fit=600%2C601&amp;ssl=1\" data-orig-size=\"600,601\" data-comments-opened=\"1\" data-image-meta=\"{&quot;aperture&quot;:&quot;0&quot;,&quot;credit&quot;:&quot;&quot;,&quot;camera&quot;:&quot;&quot;,&quot;caption&quot;:&quot;&quot;,&quot;created_timestamp&quot;:&quot;0&quot;,&quot;copyright&quot;:&quot;&quot;,&quot;focal_length&quot;:&quot;0&quot;,&quot;iso&quot;:&quot;0&quot;,&quot;shutter_speed&quot;:&quot;0&quot;,&quot;title&quot;:&quot;&quot;,&quot;orientation&quot;:&quot;0&quot;}\" data-image-title=\"Hibrido-600&amp;#215;601\" data-image-description=\"\" data-image-caption=\"\" data-large-file=\"https:\/\/i0.wp.com\/nadinospina.org\/wp-content\/uploads\/2019\/03\/hibrido-600x601.jpg?fit=600%2C601&amp;ssl=1\" src=\"https:\/\/i0.wp.com\/nadinospina.org\/wp-content\/uploads\/2019\/03\/hibrido-600x601.jpg?resize=600%2C601&#038;ssl=1\" alt=\"\" class=\"wp-image-69\"\/><figcaption class=\"wp-element-caption\"><strong><em>Atlante<\/em><\/strong>. 2004. Stone. 100 x 28 x 29 cm.<\/figcaption><\/figure>\n<\/div>\n\n\n<p class=\"wp-block-paragraph\"><\/p>\n\n\n\n<p class=\"wp-block-paragraph translation-block\">In the exhibition<em><a href=\"https:\/\/nadinospina.org\/en\/hibridos-el-cuerpo-como-imaginario-palacio-de-bellas-artes-mexico-2018\/\" target=\"_self\"> Hybrids: the body as imaginary.<\/a><\/em>.<\/p>\n\n\n\n<p class=\"wp-block-paragraph\">Museo del Palacio de Bellas Artes.&nbsp; M\u00e9xico D.F.&nbsp;<\/p>\n\n\n\n<figure class=\"wp-block-image size-full\"><img decoding=\"async\" src=\"https:\/\/nadinospina.org\/wp-content\/uploads\/2022\/04\/p-atlante-en-hibridos.-el-cuerpo-como-imaginario.-museo-de-bellas-artes-de-mexico..mov\" alt=\"\" class=\"wp-image-3348\"\/><\/figure>\n\n\n\n<p class=\"wp-block-paragraph\"><strong><em>Atlante<\/em><\/strong>. 2004. Stone. 100 x 28 x 29 cm. <\/p>\n\n\n\n<p class=\"wp-block-paragraph translation-block\">In the exhibition<em><a href=\"https:\/\/nadinospina.org\/en\/hibridos-el-cuerpo-como-imaginario-palacio-de-bellas-artes-mexico-2018\/\" target=\"_self\"> Hybrids: the body as imaginary.<\/a><\/em>.<\/p>\n\n\n\n<p class=\"wp-block-paragraph\">Museo del Palacio de Bellas.&nbsp; M\u00e9xico D.F.&nbsp;<\/p>\n\n\n<div class=\"wp-block-image\">\n<figure class=\"aligncenter size-large is-resized\"><img data-recalc-dims=\"1\" loading=\"lazy\" decoding=\"async\" data-attachment-id=\"1170\" data-permalink=\"https:\/\/nadinospina.org\/en\/imagenes-de-exposiciones\/captura-de-pantalla-2019-06-20-a-las-12-54-38-p-m\/\" data-orig-file=\"https:\/\/i0.wp.com\/nadinospina.org\/wp-content\/uploads\/2019\/06\/captura-de-pantalla-2019-06-20-a-las-12.54.38-p.m..png?fit=609%2C821&amp;ssl=1\" data-orig-size=\"609,821\" data-comments-opened=\"1\" data-image-meta=\"{&quot;aperture&quot;:&quot;0&quot;,&quot;credit&quot;:&quot;&quot;,&quot;camera&quot;:&quot;&quot;,&quot;caption&quot;:&quot;&quot;,&quot;created_timestamp&quot;:&quot;0&quot;,&quot;copyright&quot;:&quot;&quot;,&quot;focal_length&quot;:&quot;0&quot;,&quot;iso&quot;:&quot;0&quot;,&quot;shutter_speed&quot;:&quot;0&quot;,&quot;title&quot;:&quot;&quot;,&quot;orientation&quot;:&quot;0&quot;}\" data-image-title=\"Captura de pantalla 2019-06-20 a las 12.54.38 p.m.\" data-image-description=\"\" data-image-caption=\"\" data-large-file=\"https:\/\/i0.wp.com\/nadinospina.org\/wp-content\/uploads\/2019\/06\/captura-de-pantalla-2019-06-20-a-las-12.54.38-p.m..png?fit=609%2C821&amp;ssl=1\" src=\"https:\/\/i0.wp.com\/nadinospina.org\/wp-content\/uploads\/2019\/06\/captura-de-pantalla-2019-06-20-a-las-12.54.38-p.m..png?resize=525%2C708&#038;ssl=1\" alt=\"\" class=\"wp-image-1170\" width=\"525\" height=\"708\"\/><figcaption class=\"wp-element-caption\"><strong><em>Atlante<\/em><\/strong>. Piedra. 2007. 100 x 30 x 30 cm.<\/figcaption><\/figure>\n<\/div>\n\n\n<p class=\"wp-block-paragraph\">  Vista de la exposici\u00f3n<a href=\"https:\/\/nadinospina.org\/en\/festival-arte-y-decolonialidad-aica-museo-colonial-de-bogota-2018\/\">\u00a0<em>Festival Arte y Decolonialidad AICA<\/em><\/a>. \u00a02018. Museo Colonial de Bogot\u00e1. Curador. David Arteaga.<\/p>\n\n\n\n<p class=\"wp-block-paragraph translation-block\">Video of the exhibition <a href=\"https:\/\/nadinospina.org\/en\/festival-arte-y-decolonialidad-aica-museo-colonial-de-bogota-2018\/\" target=\"_self\">\u00a0<em>Festival Arte y Decolonialidad AICA.  <\/em><\/a>2018. Colonial Museum of Bogota. Curator. David Arteaga.<\/p>\n\n\n\n<p class=\"wp-block-paragraph\"><\/p>\n\n\n\n<p class=\"wp-block-paragraph\"><\/p>","protected":false},"excerpt":{"rendered":"<p>Atlantes de Tula. M\u00e9xico. En la exposici\u00f3n H\u00edbridos:&nbsp;el cuerpo como imaginario. Museo del Palacio de Bellas Artes.&nbsp; M\u00e9xico D.F.&nbsp; Atlante. 2004. Piedra. 100 x 28 x 29 cm. En la exposici\u00f3n H\u00edbridos:&nbsp;el cuerpo como imaginario. Museo del Palacio de Bellas.&nbsp; M\u00e9xico D.F.&nbsp; Vista de la exposici\u00f3n\u00a0Festival Arte y Decolonialidad AICA. \u00a02018. Museo Colonial de Bogot\u00e1. [&hellip;]<\/p>\n","protected":false},"author":154715982,"featured_media":0,"parent":0,"menu_order":0,"comment_status":"closed","ping_status":"closed","template":"","meta":{"_coblocks_attr":"","_coblocks_dimensions":"","_coblocks_responsive_height":"","_coblocks_accordion_ie_support":"","_crdt_document":"","advanced_seo_description":"","jetpack_seo_html_title":"","jetpack_seo_noindex":false,"footnotes":""},"class_list":["post-2924","page","type-page","status-publish","hentry"],"jetpack_likes_enabled":true,"jetpack_sharing_enabled":true,"jetpack_shortlink":"https:\/\/wp.me\/PaPj6W-La","jetpack-related-posts":[],"_links":{"self":[{"href":"https:\/\/nadinospina.org\/en\/wp-json\/wp\/v2\/pages\/2924","targetHints":{"allow":["GET"]}}],"collection":[{"href":"https:\/\/nadinospina.org\/en\/wp-json\/wp\/v2\/pages"}],"about":[{"href":"https:\/\/nadinospina.org\/en\/wp-json\/wp\/v2\/types\/page"}],"author":[{"embeddable":true,"href":"https:\/\/nadinospina.org\/en\/wp-json\/wp\/v2\/users\/154715982"}],"replies":[{"embeddable":true,"href":"https:\/\/nadinospina.org\/en\/wp-json\/wp\/v2\/comments?post=2924"}],"version-history":[{"count":37,"href":"https:\/\/nadinospina.org\/en\/wp-json\/wp\/v2\/pages\/2924\/revisions"}],"predecessor-version":[{"id":6769,"href":"https:\/\/nadinospina.org\/en\/wp-json\/wp\/v2\/pages\/2924\/revisions\/6769"}],"wp:attachment":[{"href":"https:\/\/nadinospina.org\/en\/wp-json\/wp\/v2\/media?parent=2924"}],"curies":[{"name":"wp","href":"https:\/\/api.w.org\/{rel}","templated":true}]}}