{"id":1870,"date":"2020-03-28T00:59:18","date_gmt":"2020-03-28T00:59:18","guid":{"rendered":"https:\/\/nadinospina.org\/?page_id=1870"},"modified":"2020-08-13T01:30:11","modified_gmt":"2020-08-13T01:30:11","slug":"prensa-yo-soy-otro-tu","status":"publish","type":"page","link":"https:\/\/nadinospina.org\/en\/prensa-yo-soy-otro-tu\/","title":{"rendered":"Prensa Yo Soy Otro T\u00fa"},"content":{"rendered":"<figure class=\"wp-block-image size-large is-resized\"><img data-recalc-dims=\"1\" fetchpriority=\"high\" decoding=\"async\" data-attachment-id=\"1877\" data-permalink=\"https:\/\/nadinospina.org\/en\/prensa-yo-soy-otro-tu\/la-espera-tres-cuartos-recortada\/\" data-orig-file=\"https:\/\/i0.wp.com\/nadinospina.org\/wp-content\/uploads\/2020\/03\/la-espera-tres-cuartos-recortada.jpg?fit=548%2C787&amp;ssl=1\" data-orig-size=\"548,787\" data-comments-opened=\"1\" data-image-meta=\"{&quot;aperture&quot;:&quot;5.6&quot;,&quot;credit&quot;:&quot;&quot;,&quot;camera&quot;:&quot;NIKON D7000&quot;,&quot;caption&quot;:&quot;&quot;,&quot;created_timestamp&quot;:&quot;1470230990&quot;,&quot;copyright&quot;:&quot;&quot;,&quot;focal_length&quot;:&quot;50&quot;,&quot;iso&quot;:&quot;100&quot;,&quot;shutter_speed&quot;:&quot;0.01&quot;,&quot;title&quot;:&quot;&quot;,&quot;orientation&quot;:&quot;1&quot;}\" data-image-title=\"La Espera tres cuartos recortada\" data-image-description=\"\" data-image-caption=\"\" data-large-file=\"https:\/\/i0.wp.com\/nadinospina.org\/wp-content\/uploads\/2020\/03\/la-espera-tres-cuartos-recortada.jpg?fit=548%2C787&amp;ssl=1\" src=\"https:\/\/i0.wp.com\/nadinospina.org\/wp-content\/uploads\/2020\/03\/la-espera-tres-cuartos-recortada.jpg?resize=345%2C495&#038;ssl=1\" alt=\"\" class=\"wp-image-1877\" width=\"345\" height=\"495\" \/><\/figure>\n\n\n\n<p class=\"wp-block-paragraph\"><a href=\"https:\/\/drive.google.com\/file\/d\/1V0sran7omG598d32qDrcvBgqNt6ucHfC\/view\">Cat\u00e1logo de la exposici\u00f3n<\/a><\/p>\n\n\n\n<p class=\"wp-block-paragraph\"><a href=\"https:\/\/www.youtube.com\/watch?v=L9EHFr5qLdo\">Video Ministerio de Cultura<\/a><\/p>\n\n\n\n<p class=\"wp-block-paragraph\"><a href=\"https:\/\/www.wradio.com.co\/noticias\/sociedad\/queremos-deconstruir-la-idea-de-ver-al-otro-como-alguien-peligroso-nadin-ospina\/20200221\/nota\/4016910.aspx\">Entrevista Julio S\u00e1nchez Cristo W radio<\/a><\/p>\n\n\n\n<p class=\"wp-block-paragraph\"><a href=\"https:\/\/criticosvistazos.blogspot.com\/2020\/06\/vistazo-critico-154-nadin-ospina-yo-soy.html?fbclid=IwAR1JPb9o2B_SAs8rHSW26o6uW6OQCHHnHpXSvrYixWWv1IIj7W1r4aSnis8\">Vistazos Cr\u00edticos. Ricardo Arcos Palma<\/a><\/p>\n\n\n\n<p class=\"wp-block-paragraph\"><a href=\"https:\/\/www.rtve.es\/alacarta\/audios\/hora-america\/hora-america-tornaviaje-exposicion-yo-soy-otro-tu-nadin-ospina-museo-nacional-antropologia-26-02-20\/5524735\/\">Entrevista radio RTVE Espa\u00f1a<\/a><\/p>\n\n\n\n<p class=\"wp-block-paragraph\"><a href=\"https:\/\/www.elmercuriodigital.net\/2020\/02\/yo-soy-otro-tu-obras-de-nadin-ospina.html\">Peri\u00f3dico El Mercurio Digital<\/a><\/p>\n\n\n\n<p class=\"wp-block-paragraph\"><a href=\"https:\/\/www.esmadrid.com\/agenda\/yo-soy-otro-tu-obras-de-nadin-ospina-museo-macional-de-antropologia?utm_referrer=https%3A%2F%2Fwww.google.com%2F\">Revista Es Madrid<\/a><\/p>\n\n\n\n<p class=\"wp-block-paragraph\"><a href=\"https:\/\/www.revistadearte.com\/2020\/02\/20\/el-museo-nacional-de-antropologia-inaugura-la-exposicion-de-nadin-ospina\/\">RevistaDeArte<\/a><a href=\"https:\/\/www.abc.es\/cultura\/cultural\/abci-nadin-ospina-y-hospitalidad-bien-entendida-202003120148_noticia.html\">Peri\u00f3dico ABC Cultural. Art\u00edculo Fernando Castro Fl\u00f3res. Espa\u00f1ol<\/a><\/p>\n\n\n\n<p class=\"wp-block-paragraph\"><a href=\"https:\/\/www.archyde.com\/nadin-ospina-and-hospitality-well-understood\/?fbclid=IwAR0MbCLsw3eEgUlVFq4UCwSISZMj1y_gm1WpbMY_RSBNz3umEjMlpt-pWFw\">Peri\u00f3dico ABC Cultural. Art\u00edculo Fernando Castro Fl\u00f3res Ingles<\/a><\/p>\n\n\n\n<p class=\"wp-block-paragraph\"><a href=\"http:\/\/www.mcu.es\/cultura20\/web\/guest\/agenda\/cultural\/mcu\/listado\/detalle;jsessionid=AFEA5E4C0503776C15179E79E50ABBC8?p_p_id=MCU_AGENDA_13&amp;p_p_lifecycle=0&amp;p_p_state=normal&amp;p_p_mode=view&amp;p_p_col_id=column-2&amp;p_p_col_pos=1&amp;p_p_col_count=2&amp;p_r_p_564233524_event=1337590\">Agenda Cultural. Ministerio de Cultura. Espa\u00f1a.<\/a><\/p>\n\n\n\n<p class=\"wp-block-paragraph\"><a href=\"http:\/\/www.primeraplana.org\/2020\/02\/21\/yo-soy-otro-tu\/\">Revista Primera Plana<\/a><\/p>\n\n\n\n<p class=\"wp-block-paragraph\"><a href=\"https:\/\/espana.embajada.gov.co\/en\/node\/news\/19479\/la-embajada-colombia-y-museo-nacional-antropologia-inauguraron-yo-soy-otro-tu\">P\u00e1gina de la Embajada de Colombia en Espa\u00f1a<\/a><\/p>\n\n\n\n<p class=\"wp-block-paragraph\"><a href=\"https:\/\/www.rcnradio.com\/recomendado-del-editor\/la-obra-encerrada-en-espana-de-un-artista-colombiano?amp&amp;fbclid=IwAR3VD84Mxh8q6DLUdY9ijDPhLTeOyWy52GMxNHcmKkuPgwESsOInaAXQSDg\">Entrevista RCN Radio<\/a><\/p>\n\n\n\n<p class=\"wp-block-paragraph\"><a href=\"https:\/\/www.elespectador.com\/noticias\/noticias-de-cultura\/de-alienigenas-colonizadores-y-seres-humanos-articulo-913957\">Art\u00edculo Peri\u00f3dico El Espectador por Maria Elvira Ardila.<\/a><\/p>\n\n\n\n<p class=\"wp-block-paragraph\"><a href=\"https:\/\/www.wradio.com.co\/noticias\/actualidad\/yo-soy-otro-tu-la-obra-del-artista-nadin-ospina\/20200413\/nota\/4030374.aspx\">Entrevista W Radio. Programa Colombia no para<\/a><\/p>\n\n\n\n<p class=\"wp-block-paragraph\"><a href=\"https:\/\/revistaplacet.es\/exposicion-yo-soy-otro-tu-el-arte-como-ensayo-social\">Revista Pl\u00e1cet. Informaci\u00f3n de la exposici\u00f3n<\/a><\/p>\n\n\n\n<p class=\"wp-block-paragraph\"><a href=\"https:\/\/revistaplacet.es\/nadin-ospina-artista\">Revista Pl\u00e1cet. Entrevista<\/a><\/p>\n\n\n\n<p class=\"wp-block-paragraph\"><a href=\"http:\/\/www.revistagodot.com\/yo-soy-otro-tu-del-artista-colombiano-nadin-ospina\/?fbclid=IwAR3VpRNNbq7Mcc12qZKnX1DT3Heu2fQDLKxaJzuE0lk-8JRtGXHY3I7Xi1M\">Revista Neo 2<\/a><\/p>\n\n\n\n<p class=\"wp-block-paragraph\"><a href=\"https:\/\/nadinospina.org\/en\/comentario-critico-de-robert-schweitzer-curador\/\">Comentario cr\u00edtico del curador Robert Schweitzer<\/a><\/p>","protected":false},"excerpt":{"rendered":"<p>Cat\u00e1logo de la exposici\u00f3n Video Ministerio de Cultura Entrevista Julio S\u00e1nchez Cristo W radio Vistazos Cr\u00edticos. Ricardo Arcos Palma Entrevista radio RTVE Espa\u00f1a Peri\u00f3dico El Mercurio Digital Revista Es Madrid RevistaDeArtePeri\u00f3dico ABC Cultural. Art\u00edculo Fernando Castro Fl\u00f3res. Espa\u00f1ol Peri\u00f3dico ABC Cultural. Art\u00edculo Fernando Castro Fl\u00f3res Ingles Agenda Cultural. Ministerio de Cultura. Espa\u00f1a. Revista Primera Plana [&hellip;]<\/p>\n","protected":false},"author":154715982,"featured_media":0,"parent":0,"menu_order":0,"comment_status":"closed","ping_status":"closed","template":"","meta":{"_coblocks_attr":"","_coblocks_dimensions":"","_coblocks_responsive_height":"","_coblocks_accordion_ie_support":"","_crdt_document":"","advanced_seo_description":"","jetpack_seo_html_title":"","jetpack_seo_noindex":false,"footnotes":""},"class_list":["post-1870","page","type-page","status-publish","hentry"],"jetpack_likes_enabled":true,"jetpack_sharing_enabled":true,"jetpack_shortlink":"https:\/\/wp.me\/PaPj6W-ua","jetpack-related-posts":[],"_links":{"self":[{"href":"https:\/\/nadinospina.org\/en\/wp-json\/wp\/v2\/pages\/1870","targetHints":{"allow":["GET"]}}],"collection":[{"href":"https:\/\/nadinospina.org\/en\/wp-json\/wp\/v2\/pages"}],"about":[{"href":"https:\/\/nadinospina.org\/en\/wp-json\/wp\/v2\/types\/page"}],"author":[{"embeddable":true,"href":"https:\/\/nadinospina.org\/en\/wp-json\/wp\/v2\/users\/154715982"}],"replies":[{"embeddable":true,"href":"https:\/\/nadinospina.org\/en\/wp-json\/wp\/v2\/comments?post=1870"}],"version-history":[{"count":14,"href":"https:\/\/nadinospina.org\/en\/wp-json\/wp\/v2\/pages\/1870\/revisions"}],"predecessor-version":[{"id":2640,"href":"https:\/\/nadinospina.org\/en\/wp-json\/wp\/v2\/pages\/1870\/revisions\/2640"}],"wp:attachment":[{"href":"https:\/\/nadinospina.org\/en\/wp-json\/wp\/v2\/media?parent=1870"}],"curies":[{"name":"wp","href":"https:\/\/api.w.org\/{rel}","templated":true}]}}