{"id":1855,"date":"2020-03-27T22:07:46","date_gmt":"2020-03-27T22:07:46","guid":{"rendered":"https:\/\/nadinospina.org\/?page_id=1855"},"modified":"2020-03-28T00:22:38","modified_gmt":"2020-03-28T00:22:38","slug":"exposicion-yo-soy-otro-tu-inauguracion-y-visitas","status":"publish","type":"page","link":"https:\/\/nadinospina.org\/en\/exposicion-yo-soy-otro-tu-inauguracion-y-visitas\/","title":{"rendered":"Exposici\u00f3n Yo Soy Otro T\u00fa Inauguraci\u00f3n y visitas"},"content":{"rendered":"<p class=\"wp-block-paragraph\"><\/p>\n\n\n\n<figure class=\"wp-block-image size-large\"><img data-recalc-dims=\"1\" fetchpriority=\"high\" decoding=\"async\" width=\"640\" height=\"457\" data-attachment-id=\"1858\" data-permalink=\"https:\/\/nadinospina.org\/en\/exposicion-yo-soy-otro-tu-inauguracion-y-visitas\/inauguracion-discursos-3\/\" data-orig-file=\"https:\/\/i0.wp.com\/nadinospina.org\/wp-content\/uploads\/2020\/03\/inauguracic3b3n-discursos-3.jpg?fit=787%2C562&amp;ssl=1\" data-orig-size=\"787,562\" data-comments-opened=\"1\" data-image-meta=\"{&quot;aperture&quot;:&quot;1.8&quot;,&quot;credit&quot;:&quot;&quot;,&quot;camera&quot;:&quot;Canon EOS 2000D&quot;,&quot;caption&quot;:&quot;&quot;,&quot;created_timestamp&quot;:&quot;1582229208&quot;,&quot;copyright&quot;:&quot;&quot;,&quot;focal_length&quot;:&quot;50&quot;,&quot;iso&quot;:&quot;2000&quot;,&quot;shutter_speed&quot;:&quot;0.0125&quot;,&quot;title&quot;:&quot;&quot;,&quot;orientation&quot;:&quot;1&quot;}\" data-image-title=\"Inauguraci\u00f3n discursos 3\" data-image-description=\"\" data-image-caption=\"\" data-large-file=\"https:\/\/i0.wp.com\/nadinospina.org\/wp-content\/uploads\/2020\/03\/inauguracic3b3n-discursos-3.jpg?fit=640%2C457&amp;ssl=1\" src=\"https:\/\/i0.wp.com\/nadinospina.org\/wp-content\/uploads\/2020\/03\/inauguracic3b3n-discursos-3.jpg?resize=640%2C457&#038;ssl=1\" alt=\"\" class=\"wp-image-1858\" \/><figcaption>Inauguraci\u00f3n de la exposici\u00f3n<\/figcaption><\/figure>\n\n\n\n<figure class=\"wp-block-image size-large\"><img data-recalc-dims=\"1\" decoding=\"async\" width=\"640\" height=\"479\" data-attachment-id=\"1856\" data-permalink=\"https:\/\/nadinospina.org\/en\/visita-guiada-nadin\/\" data-orig-file=\"https:\/\/i0.wp.com\/nadinospina.org\/wp-content\/uploads\/2020\/03\/visita-guiada-nadc3adn.jpg?fit=709%2C531&amp;ssl=1\" data-orig-size=\"709,531\" data-comments-opened=\"1\" data-image-meta=\"{&quot;aperture&quot;:&quot;0&quot;,&quot;credit&quot;:&quot;&quot;,&quot;camera&quot;:&quot;&quot;,&quot;caption&quot;:&quot;&quot;,&quot;created_timestamp&quot;:&quot;0&quot;,&quot;copyright&quot;:&quot;&quot;,&quot;focal_length&quot;:&quot;0&quot;,&quot;iso&quot;:&quot;0&quot;,&quot;shutter_speed&quot;:&quot;0&quot;,&quot;title&quot;:&quot;&quot;,&quot;orientation&quot;:&quot;1&quot;}\" data-image-title=\"Visita guiada Nad\u00edn\" data-image-description=\"\" data-image-caption=\"\" data-large-file=\"https:\/\/i0.wp.com\/nadinospina.org\/wp-content\/uploads\/2020\/03\/visita-guiada-nadc3adn.jpg?fit=640%2C479&amp;ssl=1\" src=\"https:\/\/i0.wp.com\/nadinospina.org\/wp-content\/uploads\/2020\/03\/visita-guiada-nadc3adn.jpg?resize=640%2C479&#038;ssl=1\" alt=\"\" class=\"wp-image-1856\" \/><figcaption>Visita guiada con la Embajadora de Colombia en Espa\u00f1a Carolina Barco<\/figcaption><\/figure>\n\n\n\n<figure class=\"wp-block-image size-large\"><img data-recalc-dims=\"1\" decoding=\"async\" width=\"640\" height=\"479\" data-attachment-id=\"1865\" data-permalink=\"https:\/\/nadinospina.org\/en\/exposicion-yo-soy-otro-tu-inauguracion-y-visitas\/visita-guiada-nadin-y-joge-perez-1tif\/\" data-orig-file=\"https:\/\/i0.wp.com\/nadinospina.org\/wp-content\/uploads\/2020\/03\/visita-guiada-nadc3adn.-y-joge-perez-1tif.jpg?fit=709%2C531&amp;ssl=1\" data-orig-size=\"709,531\" data-comments-opened=\"1\" data-image-meta=\"{&quot;aperture&quot;:&quot;0&quot;,&quot;credit&quot;:&quot;&quot;,&quot;camera&quot;:&quot;&quot;,&quot;caption&quot;:&quot;&quot;,&quot;created_timestamp&quot;:&quot;0&quot;,&quot;copyright&quot;:&quot;&quot;,&quot;focal_length&quot;:&quot;0&quot;,&quot;iso&quot;:&quot;0&quot;,&quot;shutter_speed&quot;:&quot;0&quot;,&quot;title&quot;:&quot;&quot;,&quot;orientation&quot;:&quot;1&quot;}\" data-image-title=\"Visita guiada Nad\u00edn. y Joge Perez 1tif\" data-image-description=\"\" data-image-caption=\"\" data-large-file=\"https:\/\/i0.wp.com\/nadinospina.org\/wp-content\/uploads\/2020\/03\/visita-guiada-nadc3adn.-y-joge-perez-1tif.jpg?fit=640%2C479&amp;ssl=1\" src=\"https:\/\/i0.wp.com\/nadinospina.org\/wp-content\/uploads\/2020\/03\/visita-guiada-nadc3adn.-y-joge-perez-1tif.jpg?resize=640%2C479&#038;ssl=1\" class=\"wp-image-1865\" \/><figcaption>Guided tour<\/figcaption><\/figure>\n\n\n\n<p class=\"wp-block-paragraph\"><\/p>","protected":false},"excerpt":{"rendered":"","protected":false},"author":154715982,"featured_media":0,"parent":0,"menu_order":0,"comment_status":"closed","ping_status":"closed","template":"","meta":{"_coblocks_attr":"","_coblocks_dimensions":"","_coblocks_responsive_height":"","_coblocks_accordion_ie_support":"","_crdt_document":"","advanced_seo_description":"","jetpack_seo_html_title":"","jetpack_seo_noindex":false,"footnotes":""},"class_list":["post-1855","page","type-page","status-publish","hentry"],"jetpack_likes_enabled":true,"jetpack_sharing_enabled":true,"jetpack_shortlink":"https:\/\/wp.me\/PaPj6W-tV","jetpack-related-posts":[],"_links":{"self":[{"href":"https:\/\/nadinospina.org\/en\/wp-json\/wp\/v2\/pages\/1855","targetHints":{"allow":["GET"]}}],"collection":[{"href":"https:\/\/nadinospina.org\/en\/wp-json\/wp\/v2\/pages"}],"about":[{"href":"https:\/\/nadinospina.org\/en\/wp-json\/wp\/v2\/types\/page"}],"author":[{"embeddable":true,"href":"https:\/\/nadinospina.org\/en\/wp-json\/wp\/v2\/users\/154715982"}],"replies":[{"embeddable":true,"href":"https:\/\/nadinospina.org\/en\/wp-json\/wp\/v2\/comments?post=1855"}],"version-history":[{"count":3,"href":"https:\/\/nadinospina.org\/en\/wp-json\/wp\/v2\/pages\/1855\/revisions"}],"predecessor-version":[{"id":1868,"href":"https:\/\/nadinospina.org\/en\/wp-json\/wp\/v2\/pages\/1855\/revisions\/1868"}],"wp:attachment":[{"href":"https:\/\/nadinospina.org\/en\/wp-json\/wp\/v2\/media?parent=1855"}],"curies":[{"name":"wp","href":"https:\/\/api.w.org\/{rel}","templated":true}]}}