{"id":1359,"date":"2019-07-05T18:14:52","date_gmt":"2019-07-05T18:14:52","guid":{"rendered":"https:\/\/nadinospina.org\/?page_id=1359"},"modified":"2019-07-06T00:20:39","modified_gmt":"2019-07-06T00:20:39","slug":"oro-2000-2001","status":"publish","type":"page","link":"https:\/\/nadinospina.org\/en\/oro-2000-2001\/","title":{"rendered":"\"Oro\" (Gold) 2000 -2001"},"content":{"rendered":"<figure class=\"wp-block-image\"><img data-recalc-dims=\"1\" fetchpriority=\"high\" decoding=\"async\" width=\"640\" height=\"497\" data-attachment-id=\"1360\" data-permalink=\"https:\/\/nadinospina.org\/en\/oro-2000-2001\/captura-de-pantalla-2019-07-05-a-las-1-10-26-p-m\/\" data-orig-file=\"https:\/\/i0.wp.com\/nadinospina.org\/wp-content\/uploads\/2019\/07\/captura-de-pantalla-2019-07-05-a-las-1.10.26-p.m..png?fit=1126%2C874&amp;ssl=1\" data-orig-size=\"1126,874\" data-comments-opened=\"1\" data-image-meta=\"{&quot;aperture&quot;:&quot;0&quot;,&quot;credit&quot;:&quot;&quot;,&quot;camera&quot;:&quot;&quot;,&quot;caption&quot;:&quot;&quot;,&quot;created_timestamp&quot;:&quot;0&quot;,&quot;copyright&quot;:&quot;&quot;,&quot;focal_length&quot;:&quot;0&quot;,&quot;iso&quot;:&quot;0&quot;,&quot;shutter_speed&quot;:&quot;0&quot;,&quot;title&quot;:&quot;&quot;,&quot;orientation&quot;:&quot;0&quot;}\" data-image-title=\"Captura de pantalla 2019-07-05 a las 1.10.26 p.m.\" data-image-description=\"\" data-image-caption=\"\" data-medium-file=\"https:\/\/i0.wp.com\/nadinospina.org\/wp-content\/uploads\/2019\/07\/captura-de-pantalla-2019-07-05-a-las-1.10.26-p.m..png?fit=300%2C233&amp;ssl=1\" data-large-file=\"https:\/\/i0.wp.com\/nadinospina.org\/wp-content\/uploads\/2019\/07\/captura-de-pantalla-2019-07-05-a-las-1.10.26-p.m..png?fit=640%2C497&amp;ssl=1\" src=\"https:\/\/i0.wp.com\/nadinospina.org\/wp-content\/uploads\/2019\/07\/captura-de-pantalla-2019-07-05-a-las-1.10.26-p.m..png?resize=640%2C497&#038;ssl=1\" alt=\"\" class=\"wp-image-1360\" \/><figcaption class=\"translation-block\"><strong>\"Cham\u00e1n en ascenso m\u00e1gico\" (Shaman in magical ascent).<\/strong> 2001. Gold plated silver. 12 x 7 x 4 cm.\nPiece made from a mold of an original goldsmith piece from the Diqu\u00eds region of the Gold Museum of San Jos\u00e9, Costa Rica.<\/figcaption><\/figure>\n\n\n\n<figure class=\"wp-block-image\"><img data-recalc-dims=\"1\" decoding=\"async\" width=\"640\" height=\"778\" data-attachment-id=\"1368\" data-permalink=\"https:\/\/nadinospina.org\/en\/oro-2000-2001\/captura-de-pantalla-2019-07-05-a-las-3-25-34-p-m\/\" data-orig-file=\"https:\/\/i0.wp.com\/nadinospina.org\/wp-content\/uploads\/2019\/07\/captura-de-pantalla-2019-07-05-a-las-3.25.34-p.m..png?fit=746%2C907&amp;ssl=1\" data-orig-size=\"746,907\" data-comments-opened=\"1\" data-image-meta=\"{&quot;aperture&quot;:&quot;0&quot;,&quot;credit&quot;:&quot;&quot;,&quot;camera&quot;:&quot;&quot;,&quot;caption&quot;:&quot;&quot;,&quot;created_timestamp&quot;:&quot;0&quot;,&quot;copyright&quot;:&quot;&quot;,&quot;focal_length&quot;:&quot;0&quot;,&quot;iso&quot;:&quot;0&quot;,&quot;shutter_speed&quot;:&quot;0&quot;,&quot;title&quot;:&quot;&quot;,&quot;orientation&quot;:&quot;0&quot;}\" data-image-title=\"Captura de pantalla 2019-07-05 a las 3.25.34 p.m.\" data-image-description=\"\" data-image-caption=\"\" data-medium-file=\"https:\/\/i0.wp.com\/nadinospina.org\/wp-content\/uploads\/2019\/07\/captura-de-pantalla-2019-07-05-a-las-3.25.34-p.m..png?fit=247%2C300&amp;ssl=1\" data-large-file=\"https:\/\/i0.wp.com\/nadinospina.org\/wp-content\/uploads\/2019\/07\/captura-de-pantalla-2019-07-05-a-las-3.25.34-p.m..png?fit=640%2C778&amp;ssl=1\" src=\"https:\/\/i0.wp.com\/nadinospina.org\/wp-content\/uploads\/2019\/07\/captura-de-pantalla-2019-07-05-a-las-3.25.34-p.m..png?resize=640%2C778&#038;ssl=1\" alt=\"\" class=\"wp-image-1368\" \/><figcaption>Cham\u00e1n de la barca. 2001. Plata con ba\u00f1o de oro. 12 x 10 x 4 cm<\/figcaption><\/figure>\n\n\n\n<figure class=\"wp-block-image\"><img data-recalc-dims=\"1\" decoding=\"async\" width=\"640\" height=\"1078\" data-attachment-id=\"1366\" data-permalink=\"https:\/\/nadinospina.org\/en\/oro-2000-2001\/chaman-en-vuelo-2000\/\" data-orig-file=\"https:\/\/i0.wp.com\/nadinospina.org\/wp-content\/uploads\/2019\/07\/chamc3a1n-en-vuelo-2000.jpg?fit=2480%2C4176&amp;ssl=1\" data-orig-size=\"2480,4176\" data-comments-opened=\"1\" data-image-meta=\"{&quot;aperture&quot;:&quot;8&quot;,&quot;credit&quot;:&quot;&quot;,&quot;camera&quot;:&quot;NIKON D3200&quot;,&quot;caption&quot;:&quot;&quot;,&quot;created_timestamp&quot;:&quot;1347793281&quot;,&quot;copyright&quot;:&quot;&quot;,&quot;focal_length&quot;:&quot;55&quot;,&quot;iso&quot;:&quot;400&quot;,&quot;shutter_speed&quot;:&quot;0.004&quot;,&quot;title&quot;:&quot;&quot;,&quot;orientation&quot;:&quot;1&quot;}\" data-image-title=\"Cham\u00e1n en Vuelo 2000\" data-image-description=\"\" data-image-caption=\"\" data-medium-file=\"https:\/\/i0.wp.com\/nadinospina.org\/wp-content\/uploads\/2019\/07\/chamc3a1n-en-vuelo-2000.jpg?fit=178%2C300&amp;ssl=1\" data-large-file=\"https:\/\/i0.wp.com\/nadinospina.org\/wp-content\/uploads\/2019\/07\/chamc3a1n-en-vuelo-2000.jpg?fit=608%2C1024&amp;ssl=1\" src=\"https:\/\/i0.wp.com\/nadinospina.org\/wp-content\/uploads\/2019\/07\/chamc3a1n-en-vuelo-2000.jpg?resize=640%2C1078&#038;ssl=1\" alt=\"\" class=\"wp-image-1366\" \/><figcaption>Cham\u00e1n en vuelo. 2001. Plata con ba\u00f1o de oro. 9,5 x 5 x 1 cm.<\/figcaption><\/figure>\n\n\n\n<figure class=\"wp-block-image is-resized\"><img data-recalc-dims=\"1\" loading=\"lazy\" decoding=\"async\" data-attachment-id=\"1362\" data-permalink=\"https:\/\/nadinospina.org\/en\/oro-2000-2001\/icono-ancla-tolima\/\" data-orig-file=\"https:\/\/i0.wp.com\/nadinospina.org\/wp-content\/uploads\/2019\/07\/c38dcono-ancla-tolima.jpg?fit=509%2C787&amp;ssl=1\" data-orig-size=\"509,787\" data-comments-opened=\"1\" data-image-meta=\"{&quot;aperture&quot;:&quot;1.8&quot;,&quot;credit&quot;:&quot;&quot;,&quot;camera&quot;:&quot;iPhone 7&quot;,&quot;caption&quot;:&quot;&quot;,&quot;created_timestamp&quot;:&quot;1561206390&quot;,&quot;copyright&quot;:&quot;&quot;,&quot;focal_length&quot;:&quot;3.99&quot;,&quot;iso&quot;:&quot;80&quot;,&quot;shutter_speed&quot;:&quot;0.066666666666667&quot;,&quot;title&quot;:&quot;&quot;,&quot;orientation&quot;:&quot;1&quot;,&quot;latitude&quot;:&quot;4.6976027777778&quot;,&quot;longitude&quot;:&quot;-74.059013888889&quot;}\" data-image-title=\"\u00cdcono Ancla tolima\" data-image-description=\"\" data-image-caption=\"\" data-medium-file=\"https:\/\/i0.wp.com\/nadinospina.org\/wp-content\/uploads\/2019\/07\/c38dcono-ancla-tolima.jpg?fit=194%2C300&amp;ssl=1\" data-large-file=\"https:\/\/i0.wp.com\/nadinospina.org\/wp-content\/uploads\/2019\/07\/c38dcono-ancla-tolima.jpg?fit=509%2C787&amp;ssl=1\" src=\"https:\/\/i0.wp.com\/nadinospina.org\/wp-content\/uploads\/2019\/07\/c38dcono-ancla-tolima.jpg?resize=597%2C923&#038;ssl=1\" alt=\"\" class=\"wp-image-1362\" width=\"597\" height=\"923\" \/><figcaption>\u00cdcono ancla Tolima. 2000. Plata con ba\u00f1o de oro. 9,5 x 5 x 1 cm. <\/figcaption><\/figure>\n\n\n\n<figure class=\"wp-block-image is-resized\"><img data-recalc-dims=\"1\" loading=\"lazy\" decoding=\"async\" data-attachment-id=\"1364\" data-permalink=\"https:\/\/nadinospina.org\/en\/oro-2000-2001\/chaman-en-vuelo-tolima\/\" data-orig-file=\"https:\/\/i0.wp.com\/nadinospina.org\/wp-content\/uploads\/2019\/07\/chamc3a1n-en-vuelo-tolima.jpg?fit=787%2C684&amp;ssl=1\" data-orig-size=\"787,684\" data-comments-opened=\"1\" data-image-meta=\"{&quot;aperture&quot;:&quot;5&quot;,&quot;credit&quot;:&quot;&quot;,&quot;camera&quot;:&quot;NIKON D3200&quot;,&quot;caption&quot;:&quot;&quot;,&quot;created_timestamp&quot;:&quot;1488814835&quot;,&quot;copyright&quot;:&quot;&quot;,&quot;focal_length&quot;:&quot;28&quot;,&quot;iso&quot;:&quot;400&quot;,&quot;shutter_speed&quot;:&quot;0.01&quot;,&quot;title&quot;:&quot;&quot;,&quot;orientation&quot;:&quot;1&quot;}\" data-image-title=\"Cham\u00e1n en vuelo (Tolima)\" data-image-description=\"\" data-image-caption=\"\" data-medium-file=\"https:\/\/i0.wp.com\/nadinospina.org\/wp-content\/uploads\/2019\/07\/chamc3a1n-en-vuelo-tolima.jpg?fit=300%2C261&amp;ssl=1\" data-large-file=\"https:\/\/i0.wp.com\/nadinospina.org\/wp-content\/uploads\/2019\/07\/chamc3a1n-en-vuelo-tolima.jpg?fit=640%2C556&amp;ssl=1\" src=\"https:\/\/i0.wp.com\/nadinospina.org\/wp-content\/uploads\/2019\/07\/chamc3a1n-en-vuelo-tolima.jpg?resize=600%2C521&#038;ssl=1\" alt=\"\" class=\"wp-image-1364\" width=\"600\" height=\"521\" \/><figcaption>Cham\u00e1n en Vuelo. 2001. 7,8 x 7,3 x 1 cm. Plata con ba\u00f1o de oro.<\/figcaption><\/figure>\n\n\n\n<figure class=\"wp-block-image\"><img data-recalc-dims=\"1\" loading=\"lazy\" decoding=\"async\" width=\"632\" height=\"696\" data-attachment-id=\"1369\" data-permalink=\"https:\/\/nadinospina.org\/en\/oro-2000-2001\/captura-de-pantalla-2019-07-05-a-las-3-37-21-p-m\/\" data-orig-file=\"https:\/\/i0.wp.com\/nadinospina.org\/wp-content\/uploads\/2019\/07\/captura-de-pantalla-2019-07-05-a-las-3.37.21-p.m..png?fit=632%2C696&amp;ssl=1\" data-orig-size=\"632,696\" data-comments-opened=\"1\" data-image-meta=\"{&quot;aperture&quot;:&quot;0&quot;,&quot;credit&quot;:&quot;&quot;,&quot;camera&quot;:&quot;&quot;,&quot;caption&quot;:&quot;&quot;,&quot;created_timestamp&quot;:&quot;0&quot;,&quot;copyright&quot;:&quot;&quot;,&quot;focal_length&quot;:&quot;0&quot;,&quot;iso&quot;:&quot;0&quot;,&quot;shutter_speed&quot;:&quot;0&quot;,&quot;title&quot;:&quot;&quot;,&quot;orientation&quot;:&quot;0&quot;}\" data-image-title=\"Captura de pantalla 2019-07-05 a las 3.37.21 p.m.\" data-image-description=\"\" data-image-caption=\"\" data-medium-file=\"https:\/\/i0.wp.com\/nadinospina.org\/wp-content\/uploads\/2019\/07\/captura-de-pantalla-2019-07-05-a-las-3.37.21-p.m..png?fit=272%2C300&amp;ssl=1\" data-large-file=\"https:\/\/i0.wp.com\/nadinospina.org\/wp-content\/uploads\/2019\/07\/captura-de-pantalla-2019-07-05-a-las-3.37.21-p.m..png?fit=632%2C696&amp;ssl=1\" src=\"https:\/\/i0.wp.com\/nadinospina.org\/wp-content\/uploads\/2019\/07\/captura-de-pantalla-2019-07-05-a-las-3.37.21-p.m..png?resize=632%2C696&#038;ssl=1\" alt=\"\" class=\"wp-image-1369\" \/><figcaption>Cham\u00e1n ave. 2000. Plata con ba\u00f1o de oro. 6 x 5,2 x 1,5 cm. <\/figcaption><\/figure>\n\n\n\n<figure class=\"wp-block-image\"><img data-recalc-dims=\"1\" loading=\"lazy\" decoding=\"async\" width=\"640\" height=\"946\" data-attachment-id=\"1370\" data-permalink=\"https:\/\/nadinospina.org\/en\/oro-2000-2001\/captura-de-pantalla-2019-07-05-a-las-3-40-34-p-m\/\" data-orig-file=\"https:\/\/i0.wp.com\/nadinospina.org\/wp-content\/uploads\/2019\/07\/captura-de-pantalla-2019-07-05-a-las-3.40.34-p.m..png?fit=653%2C965&amp;ssl=1\" data-orig-size=\"653,965\" data-comments-opened=\"1\" data-image-meta=\"{&quot;aperture&quot;:&quot;0&quot;,&quot;credit&quot;:&quot;&quot;,&quot;camera&quot;:&quot;&quot;,&quot;caption&quot;:&quot;&quot;,&quot;created_timestamp&quot;:&quot;0&quot;,&quot;copyright&quot;:&quot;&quot;,&quot;focal_length&quot;:&quot;0&quot;,&quot;iso&quot;:&quot;0&quot;,&quot;shutter_speed&quot;:&quot;0&quot;,&quot;title&quot;:&quot;&quot;,&quot;orientation&quot;:&quot;0&quot;}\" data-image-title=\"Captura de pantalla 2019-07-05 a las 3.40.34 p.m.\" data-image-description=\"\" data-image-caption=\"\" data-medium-file=\"https:\/\/i0.wp.com\/nadinospina.org\/wp-content\/uploads\/2019\/07\/captura-de-pantalla-2019-07-05-a-las-3.40.34-p.m..png?fit=203%2C300&amp;ssl=1\" data-large-file=\"https:\/\/i0.wp.com\/nadinospina.org\/wp-content\/uploads\/2019\/07\/captura-de-pantalla-2019-07-05-a-las-3.40.34-p.m..png?fit=640%2C946&amp;ssl=1\" src=\"https:\/\/i0.wp.com\/nadinospina.org\/wp-content\/uploads\/2019\/07\/captura-de-pantalla-2019-07-05-a-las-3.40.34-p.m..png?resize=640%2C946&#038;ssl=1\" alt=\"\" class=\"wp-image-1370\" \/><figcaption>Siameses con palillos de poporo. 2001. Plata con ba\u00f1o de oro. 9 x 5 x 3 cm.<\/figcaption><\/figure>\n\n\n\n<figure class=\"wp-block-image\"><img data-recalc-dims=\"1\" loading=\"lazy\" decoding=\"async\" width=\"640\" height=\"772\" data-attachment-id=\"1371\" data-permalink=\"https:\/\/nadinospina.org\/en\/oro-2000-2001\/captura-de-pantalla-2019-07-05-a-las-3-46-03-p-m\/\" data-orig-file=\"https:\/\/i0.wp.com\/nadinospina.org\/wp-content\/uploads\/2019\/07\/captura-de-pantalla-2019-07-05-a-las-3.46.03-p.m..png?fit=761%2C918&amp;ssl=1\" data-orig-size=\"761,918\" data-comments-opened=\"1\" data-image-meta=\"{&quot;aperture&quot;:&quot;0&quot;,&quot;credit&quot;:&quot;&quot;,&quot;camera&quot;:&quot;&quot;,&quot;caption&quot;:&quot;&quot;,&quot;created_timestamp&quot;:&quot;0&quot;,&quot;copyright&quot;:&quot;&quot;,&quot;focal_length&quot;:&quot;0&quot;,&quot;iso&quot;:&quot;0&quot;,&quot;shutter_speed&quot;:&quot;0&quot;,&quot;title&quot;:&quot;&quot;,&quot;orientation&quot;:&quot;0&quot;}\" data-image-title=\"Captura de pantalla 2019-07-05 a las 3.46.03 p.m.\" data-image-description=\"\" data-image-caption=\"\" data-medium-file=\"https:\/\/i0.wp.com\/nadinospina.org\/wp-content\/uploads\/2019\/07\/captura-de-pantalla-2019-07-05-a-las-3.46.03-p.m..png?fit=249%2C300&amp;ssl=1\" data-large-file=\"https:\/\/i0.wp.com\/nadinospina.org\/wp-content\/uploads\/2019\/07\/captura-de-pantalla-2019-07-05-a-las-3.46.03-p.m..png?fit=640%2C772&amp;ssl=1\" src=\"https:\/\/i0.wp.com\/nadinospina.org\/wp-content\/uploads\/2019\/07\/captura-de-pantalla-2019-07-05-a-las-3.46.03-p.m..png?resize=640%2C772&#038;ssl=1\" alt=\"\" class=\"wp-image-1371\" \/><figcaption>Siameses aureolados. 2001. Plata con ba\u00f1o de oro. 12 x 10 x 3 cm. Pieza realizada en San Jos\u00e9 de Costa Rica a la manera de objeto de orfebrer\u00eda prehisp\u00e1nica de la regi\u00f3n del Diqu\u00eds. <\/figcaption><\/figure>\n\n\n\n<figure class=\"wp-block-image\"><img data-recalc-dims=\"1\" loading=\"lazy\" decoding=\"async\" width=\"640\" height=\"426\" data-attachment-id=\"1374\" data-permalink=\"https:\/\/nadinospina.org\/en\/oro-2000-2001\/palillos-de-poporo\/\" data-orig-file=\"https:\/\/i0.wp.com\/nadinospina.org\/wp-content\/uploads\/2019\/07\/palillos-de-poporo-.jpg?fit=787%2C524&amp;ssl=1\" data-orig-size=\"787,524\" data-comments-opened=\"1\" data-image-meta=\"{&quot;aperture&quot;:&quot;6.3&quot;,&quot;credit&quot;:&quot;&quot;,&quot;camera&quot;:&quot;NIKON D3200&quot;,&quot;caption&quot;:&quot;&quot;,&quot;created_timestamp&quot;:&quot;1347782272&quot;,&quot;copyright&quot;:&quot;&quot;,&quot;focal_length&quot;:&quot;36&quot;,&quot;iso&quot;:&quot;400&quot;,&quot;shutter_speed&quot;:&quot;0.00625&quot;,&quot;title&quot;:&quot;&quot;,&quot;orientation&quot;:&quot;1&quot;}\" data-image-title=\"Palillos de poporo\" data-image-description=\"\" data-image-caption=\"\" data-medium-file=\"https:\/\/i0.wp.com\/nadinospina.org\/wp-content\/uploads\/2019\/07\/palillos-de-poporo-.jpg?fit=300%2C200&amp;ssl=1\" data-large-file=\"https:\/\/i0.wp.com\/nadinospina.org\/wp-content\/uploads\/2019\/07\/palillos-de-poporo-.jpg?fit=640%2C426&amp;ssl=1\" src=\"https:\/\/i0.wp.com\/nadinospina.org\/wp-content\/uploads\/2019\/07\/palillos-de-poporo-.jpg?resize=640%2C426&#038;ssl=1\" alt=\"\" class=\"wp-image-1374\" \/><figcaption>Palillos de poporo. 2001. Plata con ba\u00f1o de oro. 29 x 2,5 x 2 cm. <\/figcaption><\/figure>\n\n\n\n<figure class=\"wp-block-image\"><img data-recalc-dims=\"1\" loading=\"lazy\" decoding=\"async\" width=\"512\" height=\"866\" data-attachment-id=\"1376\" data-permalink=\"https:\/\/nadinospina.org\/en\/oro-2000-2001\/captura-de-pantalla-2019-07-05-a-las-4-24-57-p-m\/\" data-orig-file=\"https:\/\/i0.wp.com\/nadinospina.org\/wp-content\/uploads\/2019\/07\/captura-de-pantalla-2019-07-05-a-las-4.24.57-p.m..png?fit=512%2C866&amp;ssl=1\" data-orig-size=\"512,866\" data-comments-opened=\"1\" data-image-meta=\"{&quot;aperture&quot;:&quot;0&quot;,&quot;credit&quot;:&quot;&quot;,&quot;camera&quot;:&quot;&quot;,&quot;caption&quot;:&quot;&quot;,&quot;created_timestamp&quot;:&quot;0&quot;,&quot;copyright&quot;:&quot;&quot;,&quot;focal_length&quot;:&quot;0&quot;,&quot;iso&quot;:&quot;0&quot;,&quot;shutter_speed&quot;:&quot;0&quot;,&quot;title&quot;:&quot;&quot;,&quot;orientation&quot;:&quot;0&quot;}\" data-image-title=\"Captura de pantalla 2019-07-05 a las 4.24.57 p.m.\" data-image-description=\"\" data-image-caption=\"\" data-medium-file=\"https:\/\/i0.wp.com\/nadinospina.org\/wp-content\/uploads\/2019\/07\/captura-de-pantalla-2019-07-05-a-las-4.24.57-p.m..png?fit=177%2C300&amp;ssl=1\" data-large-file=\"https:\/\/i0.wp.com\/nadinospina.org\/wp-content\/uploads\/2019\/07\/captura-de-pantalla-2019-07-05-a-las-4.24.57-p.m..png?fit=512%2C866&amp;ssl=1\" src=\"https:\/\/i0.wp.com\/nadinospina.org\/wp-content\/uploads\/2019\/07\/captura-de-pantalla-2019-07-05-a-las-4.24.57-p.m..png?resize=512%2C866&#038;ssl=1\" alt=\"\" class=\"wp-image-1376\" \/><figcaption>Palillos de poporo. 2001. Plata con ba\u00f1o de oro.29 x 2,5 x 2 cm.<\/figcaption><\/figure>\n\n\n\n<figure class=\"wp-block-image\"><img data-recalc-dims=\"1\" loading=\"lazy\" decoding=\"async\" width=\"640\" height=\"413\" data-attachment-id=\"1378\" data-permalink=\"https:\/\/nadinospina.org\/en\/oro-2000-2001\/murcielago\/\" data-orig-file=\"https:\/\/i0.wp.com\/nadinospina.org\/wp-content\/uploads\/2019\/07\/murcielago.jpg?fit=754%2C486&amp;ssl=1\" data-orig-size=\"754,486\" data-comments-opened=\"1\" data-image-meta=\"{&quot;aperture&quot;:&quot;0&quot;,&quot;credit&quot;:&quot;&quot;,&quot;camera&quot;:&quot;&quot;,&quot;caption&quot;:&quot;&quot;,&quot;created_timestamp&quot;:&quot;0&quot;,&quot;copyright&quot;:&quot;&quot;,&quot;focal_length&quot;:&quot;0&quot;,&quot;iso&quot;:&quot;0&quot;,&quot;shutter_speed&quot;:&quot;0&quot;,&quot;title&quot;:&quot;&quot;,&quot;orientation&quot;:&quot;0&quot;}\" data-image-title=\"Murcielago\" data-image-description=\"\" data-image-caption=\"\" data-medium-file=\"https:\/\/i0.wp.com\/nadinospina.org\/wp-content\/uploads\/2019\/07\/murcielago.jpg?fit=300%2C193&amp;ssl=1\" data-large-file=\"https:\/\/i0.wp.com\/nadinospina.org\/wp-content\/uploads\/2019\/07\/murcielago.jpg?fit=640%2C413&amp;ssl=1\" src=\"https:\/\/i0.wp.com\/nadinospina.org\/wp-content\/uploads\/2019\/07\/murcielago.jpg?resize=640%2C413&#038;ssl=1\" class=\"wp-image-1378\" \/><figcaption>Murci\u00e9lago. 2001. Plata con ba\u00f1o de oro. 6 x 10 x 4 cm.<\/figcaption><\/figure>\n\n\n\n<figure class=\"wp-block-image\"><img data-recalc-dims=\"1\" loading=\"lazy\" decoding=\"async\" width=\"640\" height=\"879\" data-attachment-id=\"1382\" data-permalink=\"https:\/\/nadinospina.org\/en\/oro-2000-2001\/captura-de-pantalla-2019-07-05-a-las-6-54-52-p-m\/\" data-orig-file=\"https:\/\/i0.wp.com\/nadinospina.org\/wp-content\/uploads\/2019\/07\/captura-de-pantalla-2019-07-05-a-las-6.54.52-p.m..png?fit=649%2C891&amp;ssl=1\" data-orig-size=\"649,891\" data-comments-opened=\"1\" data-image-meta=\"{&quot;aperture&quot;:&quot;0&quot;,&quot;credit&quot;:&quot;&quot;,&quot;camera&quot;:&quot;&quot;,&quot;caption&quot;:&quot;&quot;,&quot;created_timestamp&quot;:&quot;0&quot;,&quot;copyright&quot;:&quot;&quot;,&quot;focal_length&quot;:&quot;0&quot;,&quot;iso&quot;:&quot;0&quot;,&quot;shutter_speed&quot;:&quot;0&quot;,&quot;title&quot;:&quot;&quot;,&quot;orientation&quot;:&quot;0&quot;}\" data-image-title=\"Captura de pantalla 2019-07-05 a las 6.54.52 p.m.\" data-image-description=\"\" data-image-caption=\"\" data-medium-file=\"https:\/\/i0.wp.com\/nadinospina.org\/wp-content\/uploads\/2019\/07\/captura-de-pantalla-2019-07-05-a-las-6.54.52-p.m..png?fit=219%2C300&amp;ssl=1\" data-large-file=\"https:\/\/i0.wp.com\/nadinospina.org\/wp-content\/uploads\/2019\/07\/captura-de-pantalla-2019-07-05-a-las-6.54.52-p.m..png?fit=640%2C879&amp;ssl=1\" src=\"https:\/\/i0.wp.com\/nadinospina.org\/wp-content\/uploads\/2019\/07\/captura-de-pantalla-2019-07-05-a-las-6.54.52-p.m..png?resize=640%2C879&#038;ssl=1\" class=\"wp-image-1382\" \/><figcaption>Cham\u00e1n con tambor y flauta. 2001. Plata con ba\u00f1o de oro.<\/figcaption><\/figure>","protected":false},"excerpt":{"rendered":"","protected":false},"author":154715982,"featured_media":0,"parent":0,"menu_order":0,"comment_status":"closed","ping_status":"closed","template":"","meta":{"_coblocks_attr":"","_coblocks_dimensions":"","_coblocks_responsive_height":"","_coblocks_accordion_ie_support":"","_crdt_document":"","advanced_seo_description":"","jetpack_seo_html_title":"","jetpack_seo_noindex":false,"jetpack_post_was_ever_published":false,"footnotes":""},"class_list":["post-1359","page","type-page","status-publish","hentry"],"jetpack_likes_enabled":true,"jetpack_sharing_enabled":true,"jetpack_shortlink":"https:\/\/wp.me\/PaPj6W-lV","jetpack-related-posts":[],"_links":{"self":[{"href":"https:\/\/nadinospina.org\/en\/wp-json\/wp\/v2\/pages\/1359","targetHints":{"allow":["GET"]}}],"collection":[{"href":"https:\/\/nadinospina.org\/en\/wp-json\/wp\/v2\/pages"}],"about":[{"href":"https:\/\/nadinospina.org\/en\/wp-json\/wp\/v2\/types\/page"}],"author":[{"embeddable":true,"href":"https:\/\/nadinospina.org\/en\/wp-json\/wp\/v2\/users\/154715982"}],"replies":[{"embeddable":true,"href":"https:\/\/nadinospina.org\/en\/wp-json\/wp\/v2\/comments?post=1359"}],"version-history":[{"count":10,"href":"https:\/\/nadinospina.org\/en\/wp-json\/wp\/v2\/pages\/1359\/revisions"}],"predecessor-version":[{"id":1367,"href":"https:\/\/nadinospina.org\/en\/wp-json\/wp\/v2\/pages\/1359\/revisions\/1367"}],"wp:attachment":[{"href":"https:\/\/nadinospina.org\/en\/wp-json\/wp\/v2\/media?parent=1359"}],"curies":[{"name":"wp","href":"https:\/\/api.w.org\/{rel}","templated":true}]}}